{"id":1788,"date":"2018-03-14T08:10:02","date_gmt":"2018-03-14T07:10:02","guid":{"rendered":"http:\/\/www.muehl.de\/hungen\/?page_id=1788"},"modified":"2020-10-13T12:35:36","modified_gmt":"2020-10-13T10:35:36","slug":"hoermann-haustuer-garagentor","status":"publish","type":"page","link":"https:\/\/www.muehl.de\/hungen\/hoermann-haustuer-garagentor\/","title":{"rendered":"H\u00f6rmann-Haust\u00fcr-Garagentor"},"content":{"rendered":"<p><iframe loading=\"lazy\" src=\"https:\/\/www.hoermann.de\/ha\/garagentor-angebote\/\" width=\"1024\" height=\"800\" frameborder=\"0\" allowfullscreen=\"allowfullscreen\"><\/iframe><\/p>\n<h5>H\u00f6rmann, Garagentore, Haust\u00fcren, Haust\u00fcr, Garagentor<\/h5>\n<div class=\"product-head__column\">\n<h1 class=\"product-head__title product-title\">Garagen-Sektionaltor RenoMatic<\/h1>\n<p>inkl. Antrieb ProMatic 3<\/p>\n<\/div>\n<div id=\"c227396\">\n<div class=\"ce-textpic ce-right ce-intext\">\n<div class=\"ce-bodytext\">\n<ul>\n<li>\n<h5>Doppelwandig ged\u00e4mmte, 42mm starke Lamellen f\u00fcr hohe W\u00e4rmed\u00e4mmung, gute Stabilit\u00e4t und angenehme Laufruhe<\/h5>\n<\/li>\n<li>\n<h5>Optimaler Langzeitschutz der Zarge durch Kunststoff-Zargenfu\u00df<\/h5>\n<\/li>\n<li>\n<h5>Nur bei H\u00f6rmann: sicherer Schutz gegen Aufhebeln durch mechanische Aufschiebesicherung<\/h5>\n<\/li>\n<li>\n<h5>ProMatic Antrieb 3 mit moderner BiSecur Funktechnik und zus\u00e4tzlicher \u00d6ffnungsh\u00f6he zur Entl\u00fcftung der Garage<\/h5>\n<\/li>\n<li>\n<h5>Handsender HSE 4 BS, Strukturoberfl\u00e4che Schwarz, mit \u00d6se f\u00fcr Schl\u00fcsselanh\u00e4nger<\/h5>\n<div id=\"c233168\">\n<div class=\"ce-textpic ce-left ce-intext ce-nowrap\">\n<div class=\"ce-bodytext\">\n<p><b>Die Oberfl\u00e4che Woodgrain<\/b>, bei Toren mit M-Sicke, zeichnet sich durch ihr originalgetreues S\u00e4geschnittmuster und ihre Robustheit aus. (Abbildung: RAL 9016, Verkehrswei\u00df)<\/p>\n<\/div>\n<\/div>\n<\/div>\n<div id=\"c233169\">\n<div class=\"ce-textpic ce-left ce-intext ce-nowrap\">\n<div class=\"ce-gallery\" data-ce-columns=\"1\" data-ce-images=\"1\">\n<div class=\"ce-row\">\n<div class=\"ce-column\">\n<div class=\"ce-media\"><img loading=\"lazy\" decoding=\"async\" class=\"\" src=\"https:\/\/cdn.hoermann-cloud.de\/fileadmin\/aktion\/aktion-planar.png\" alt=\"\" width=\"37\" height=\"37\" \/><\/div>\n<\/div>\n<\/div>\n<\/div>\n<div class=\"ce-bodytext\">\n<p>Die\u00a0<b>glatte Oberfl\u00e4che Planar<\/b>, f\u00fcr Tore mit L-Sicke, in den 6 exklusiven H\u00f6rmann Farbt\u00f6nen Matt deluxe \u00fcberzeugt durch ihre feine Eleganz.\u00a0(Abbildung: CH 703 Matt deluxe, Anthrazit metallic)<\/p>\n<\/div>\n<\/div>\n<\/div>\n<div id=\"c233170\">\n<div class=\"ce-textpic ce-left ce-intext ce-nowrap\">\n<div class=\"ce-gallery\" data-ce-columns=\"1\" data-ce-images=\"1\">\n<div class=\"ce-row\">\n<div class=\"ce-column\">\n<div class=\"ce-media\"><img loading=\"lazy\" decoding=\"async\" class=\"\" src=\"https:\/\/cdn.hoermann-cloud.de\/fileadmin\/aktion\/aktion-decocolor.png\" alt=\"\" width=\"44\" height=\"44\" \/><\/div>\n<\/div>\n<\/div>\n<\/div>\n<div class=\"ce-bodytext\">\n<p>Die <b>lackierte Oberfl\u00e4che Decocolor<\/b> besticht mit nat\u00fcrlicher Holzoptik in 3 Aktionsdekoren. (Abbildung: Dekor Golden Oak)<\/p>\n<\/div>\n<\/div>\n<\/div>\n<div id=\"c240456\">\n<div class=\"ce-textpic ce-left ce-intext ce-nowrap\">\n<div class=\"ce-gallery\" data-ce-columns=\"1\" data-ce-images=\"1\">\n<div class=\"ce-row\">\n<div class=\"ce-column\">\n<div class=\"ce-media\"><img loading=\"lazy\" decoding=\"async\" class=\"\" src=\"https:\/\/cdn.hoermann-cloud.de\/fileadmin\/user_upload\/aktion-preview.png\" alt=\"\" width=\"53\" height=\"53\" \/><\/div>\n<\/div>\n<\/div>\n<\/div>\n<div class=\"ce-bodytext\">\n<p>Alle Toroberfl\u00e4chen liefern wir mit silberfarbener Verzinkung und Schutzlack auf der Torinnenseite.<\/p>\n<\/div>\n<p>\u00a0<\/p>\n<\/div>\n<\/div>\n<\/li>\n<\/ul>\n<\/div>\n<\/div>\n<\/div>\n\n\n<h1 class=\"wp-block-heading\">Haust\u00fcren Angebote<\/h1>\n\n\n\n<p><strong>Aluminium-Haust\u00fcr<\/strong> vom Typ ThermoSafe,<br>serienm\u00e4\u00dfig mit RC 3 Sicherheitsausstattung<\/p>\n\n\n\n<ul class=\"wp-block-list\"><li>12 Aktionsmotive mit und ohne Verglasung<\/li><li>7 Aktionsfarben \u2013 ohne Aufpreis<\/li><li>Ca. 3 Wochen Lieferzeit f\u00fcr T\u00fcren in Verkehrswei\u00df RAL&nbsp;9016, matt<\/li><li>Ca. 4 Wochen Lieferzeit f\u00fcr T\u00fcren in allen anderen Aktionsfarben<\/li><li>Ma\u00dffertigung bis 1250 \u00d7 2250&nbsp;mm ohne Aufpreis<\/li><li>Optional** in \u00dcbergr\u00f6\u00dfen bis 1250 \u00d7 2350&nbsp;mm<\/li><li>Optional** mit Seitenteilen und \/ oder Oberlicht<\/li><li><strong>Serienm\u00e4\u00dfig mit RC&nbsp;3 Sicherheitsausstattung<\/strong>***<\/li><li>Einbruchhemmendes 5-fach Sicherheitsschloss<\/li><li>Hohe W\u00e4rmed\u00e4mmung mit einem <strong>UD-Wert bis zu 0,87&nbsp;W\/(m\u00b2\u00b7K)<\/strong>****<\/li><li>Die Innenseite der T\u00fcren wird serienm\u00e4\u00dfig in Verkehrswei\u00df RAL&nbsp;9016, matt geliefert.<\/li><\/ul>\n","protected":false},"excerpt":{"rendered":"<p>H\u00f6rmann, Garagentore, Haust\u00fcren, Haust\u00fcr, Garagentor Garagen-Sektionaltor RenoMatic inkl. Antrieb ProMatic 3 Doppelwandig ged\u00e4mmte, 42mm starke Lamellen f\u00fcr hohe W\u00e4rmed\u00e4mmung, gute Stabilit\u00e4t und angenehme Laufruhe Optimaler Langzeitschutz der Zarge durch Kunststoff-Zargenfu\u00df Nur bei H\u00f6rmann: sicherer Schutz gegen Aufhebeln durch mechanische Aufschiebesicherung ProMatic Antrieb 3 mit moderner BiSecur Funktechnik und zus\u00e4tzlicher \u00d6ffnungsh\u00f6he zur Entl\u00fcftung der Garage Handsender HSE 4 BS, Strukturoberfl\u00e4che Schwarz,<\/p>\n<p><a class=\"more-link\" href=\"https:\/\/www.muehl.de\/hungen\/hoermann-haustuer-garagentor\/\">Weiterlesen<\/a><\/p>\n","protected":false},"author":1,"featured_media":0,"parent":0,"menu_order":0,"comment_status":"closed","ping_status":"closed","template":"page-templates\/full-width.php","meta":{"footnotes":""},"class_list":["post-1788","page","type-page","status-publish","hentry"],"_links":{"self":[{"href":"https:\/\/www.muehl.de\/hungen\/wp-json\/wp\/v2\/pages\/1788","targetHints":{"allow":["GET"]}}],"collection":[{"href":"https:\/\/www.muehl.de\/hungen\/wp-json\/wp\/v2\/pages"}],"about":[{"href":"https:\/\/www.muehl.de\/hungen\/wp-json\/wp\/v2\/types\/page"}],"author":[{"embeddable":true,"href":"https:\/\/www.muehl.de\/hungen\/wp-json\/wp\/v2\/users\/1"}],"replies":[{"embeddable":true,"href":"https:\/\/www.muehl.de\/hungen\/wp-json\/wp\/v2\/comments?post=1788"}],"version-history":[{"count":7,"href":"https:\/\/www.muehl.de\/hungen\/wp-json\/wp\/v2\/pages\/1788\/revisions"}],"predecessor-version":[{"id":2823,"href":"https:\/\/www.muehl.de\/hungen\/wp-json\/wp\/v2\/pages\/1788\/revisions\/2823"}],"wp:attachment":[{"href":"https:\/\/www.muehl.de\/hungen\/wp-json\/wp\/v2\/media?parent=1788"}],"curies":[{"name":"wp","href":"https:\/\/api.w.org\/{rel}","templated":true}]}}