{"id":1983,"date":"2018-05-24T22:21:44","date_gmt":"2018-05-24T20:21:44","guid":{"rendered":"http:\/\/www.muehl.de\/hungen\/?page_id=1983"},"modified":"2021-06-26T15:24:51","modified_gmt":"2021-06-26T13:24:51","slug":"datenschutzerklaerung","status":"publish","type":"page","link":"https:\/\/www.muehl.de\/hungen\/datenschutzerklaerung\/","title":{"rendered":"Datenschutzerkl\u00e4rung"},"content":{"rendered":"<h2>Datenschutz<\/h2>\n<p>Im Folgenden informieren wir \u00fcber die Erhebung personenbezogener Daten bei Nutzung unserer Website. Personenbezogene Daten sind alle Daten, die auf Sie pers\u00f6nlich beziehbar sind, z.B. Name, Adresse, E-Mail-Adressen, Nutzerverhalten.<\/p>\n<p>Verantwortlicher gem\u00e4\u00df Artikel 4 Absatz 7 DS-GVO ist die\u00a0 M\u00fchl Product &amp; Service AG, Gie\u00dfenerstr. 42, 35410 Hungen. Unseren betrieblichen Datenschutzbeauftragten (Herr Heinz Fiebig &#8211;\u00a0 AlbaCon Media &#8211; eine Sparte der gfi systems gmbh &#8211; Felsweg 16 &#8211; 35435 Wettenberg) erreichen Sie unter<\/p>\n<p>datenschutzbeauftragter(at)muehl.de<\/p>\n<p>Die Betreiber dieser Seiten nehmen<br \/>\nden Schutz Ihrer pers\u00f6nlichen Daten sehr ernst. Wir behandeln Ihre personenbezogenen Daten<br \/>\nvertraulich und entsprechend der gesetzlichen Datenschutzvorschriften sowie dieser<br \/>\nDatenschutzerkl\u00e4rung.<\/p>\n<p>Die Nutzung unserer Webseite ist in der Regel ohne Angabe<br \/>\npersonenbezogener Daten m\u00f6glich. Soweit auf unseren Seiten personenbezogene Daten<br \/>\n(beispielsweise Name, Anschrift oder E-Mail-Adressen) erhoben werden, erfolgt dies, soweit<br \/>\nm\u00f6glich, stets auf freiwilliger Basis. Diese Daten werden ohne Ihre ausdr\u00fcckliche Zustimmung<br \/>\nnicht an Dritte weitergegeben.<\/p>\n<p>Wir weisen darauf hin, dass die Daten\u00fcbertragung im Internet<br \/>\n(z.B. bei der Kommunikation per E-Mail) Sicherheitsl\u00fccken aufweisen kann. Ein l\u00fcckenloser<br \/>\nSchutz der Daten vor dem Zugriff durch Dritte ist nicht m\u00f6glich.<\/p>\n<h2>Cookies<\/h2>\n<p>Die Internetseiten verwenden teilweise so genannte Cookies. Cookies richten auf Ihrem<br \/>\nRechner keinen Schaden an und enthalten keine Viren. Cookies dienen dazu, unser Angebot<br \/>\nnutzerfreundlicher, effektiver und sicherer zu machen. Cookies sind kleine Textdateien, die auf Ihrem<br \/>\nRechner abgelegt werden und die Ihr Browser speichert.<\/p>\n<p>Die meisten der von uns verwendeten<br \/>\nCookies sind so genannte \u201eSession-Cookies\u201c. Sie werden nach Ende Ihres Besuchs automatisch<br \/>\ngel\u00f6scht. Andere Cookies bleiben auf Ihrem Endger\u00e4t gespeichert, bis Sie diese l\u00f6schen.<br \/>\nDiese Cookies erm\u00f6glichen es uns, Ihren Browser beim n\u00e4chsten Besuch<br \/>\nwiederzuerkennen.<\/p>\n<p>Sie k\u00f6nnen Ihren Browser so einstellen, dass Sie \u00fcber das Setzen<br \/>\nvon Cookies informiert werden und Cookies nur im Einzelfall erlauben, die Annahme von Cookies f\u00fcr<br \/>\nbestimmte F\u00e4lle oder generell ausschlie\u00dfen sowie das automatische L\u00f6schen der<br \/>\nCookies beim Schlie\u00dfen des Browser aktivieren. Bei der Deaktivierung von Cookies kann die<br \/>\nFunktionalit\u00e4t dieser Website eingeschr\u00e4nkt sein.<\/p>\n<h2>Server-Log-Files<\/h2>\n<p>Der Provider der Seiten erhebt und speichert automatisch Informationen in so genannten<br \/>\nServer-Log Files, die Ihr Browser automatisch an uns \u00fcbermittelt. Dies sind:<\/p>\n<ul>\n<li>Browsertyp und Browserversion<\/li>\n<li>verwendetes Betriebssystem<\/li>\n<li>Referrer URL<\/li>\n<li>Hostname des zugreifenden Rechners<\/li>\n<li>Uhrzeit der Serveranfrage<\/li>\n<\/ul>\n<p>Diese Daten sind<br \/>\nnicht bestimmten Personen zuordenbar. Eine Zusammenf\u00fchrung dieser Daten mit anderen<br \/>\nDatenquellen wird nicht vorgenommen. Wir behalten uns vor, diese Daten nachtr\u00e4glich zu<br \/>\npr\u00fcfen, wenn uns konkrete Anhaltspunkte f\u00fcr eine rechtswidrige Nutzung bekannt werden.<\/p>\n<h2>Kontaktformular<\/h2>\n<p>Wenn Sie uns per Kontaktformular Anfragen zukommen<br \/>\nlassen, werden Ihre Angaben aus dem Anfrageformular inklusive der von Ihnen dort angegebenen<br \/>\nKontaktdaten zwecks Bearbeitung der Anfrage und f\u00fcr den Fall von Anschlussfragen bei uns<br \/>\ngespeichert. Diese Daten geben wir nicht ohne Ihre Einwilligung weiter.<\/p>\n<h2>Newsletterdaten<\/h2>\n<p>Wenn Sie den auf der Webseite angebotenen Newsletter beziehen<br \/>\nm\u00f6chten, ben\u00f6tigen wir von Ihnen eine E-Mail-Adresse sowie Informationen, welche uns die<br \/>\n\u00dcberpr\u00fcfung gestatten, dass Sie der Inhaber der angegebenen E-Mail-Adresse sind und mit<br \/>\ndem Empfang des Newsletters einverstanden sind. Weitere Daten werden nicht erhoben. Diese Daten<br \/>\nverwenden wir ausschlie\u00dflich f\u00fcr den Versand der angeforderten Informationen und geben sie<br \/>\nnicht an Dritte weiter.<\/p>\n<p>Die erteilte Einwilligung zur Speicherung der Daten, der E-Mail-Adresse<br \/>\nsowie deren Nutzung zum Versand des Newsletters k\u00f6nnen Sie jederzeit widerrufen, etwa<br \/>\n\u00fcber den &#8222;Austragen&#8220;-Link im Newsletter.<\/p>\n<h2>Google Analytics<\/h2>\n<p>Diese<br \/>\nWebsite nutzt Funktionen des Webanalysedienstes Google Analytics. Anbieter ist die Google Inc., 1600<br \/>\nAmphitheatre Parkway Mountain View, CA 94043, USA.<\/p>\n<p>Google Analytics verwendet so genannte<br \/>\n&#8222;Cookies&#8220;. Das sind Textdateien, die auf Ihrem Computer gespeichert werden und die eine<br \/>\nAnalyse der Benutzung der Website durch Sie erm\u00f6glichen. Die durch den Cookie erzeugten<br \/>\nInformationen \u00fcber Ihre Benutzung dieser Website werden in der Regel an einen Server von Google<br \/>\nin den USA \u00fcbertragen und dort gespeichert.<\/p>\n<h2><strong>Browser Plugin<\/strong><\/h2>\n<p>Sie<br \/>\nk\u00f6nnen die Speicherung der Cookies durch eine entsprechende Einstellung Ihrer Browser-Software<br \/>\nverhindern; wir weisen Sie jedoch darauf hin, dass Sie in diesem Fall gegebenenfalls nicht s\u00e4mtliche<br \/>\nFunktionen dieser Website vollumf\u00e4nglich werden nutzen k\u00f6nnen. Sie k\u00f6nnen<br \/>\ndar\u00fcber hinaus die Erfassung der durch den Cookie erzeugten und auf Ihre Nutzung der Website<br \/>\nbezogenen Daten (inkl. Ihrer IP-Adresse) an Google sowie die Verarbeitung dieser Daten durch Google<br \/>\nverhindern, indem Sie das unter dem folgenden Link verf\u00fcgbare Browser-Plugin herunterladen und<br \/>\ninstallieren: <a href=\"https:\/\/tools.google.com\/dlpage\/gaoptout?hl=de\" target=\"_blank\" rel=\"noopener noreferrer\"><br \/>\nhttps:\/\/tools.google.com\/dlpage\/gaoptout?hl=de<\/a><\/p>\n<h2><strong>Widerspruch gegen Datenerfassung<\/strong><\/h2>\n<p>Sie k\u00f6nnen die Erfassung Ihrer Daten durch Google Analytics<br \/>\nverhindern, indem Sie auf folgenden Link klicken. Es wird ein Opt-Out-Cookie gesetzt, der die Erfassung<br \/>\nIhrer Daten bei zuk\u00fcnftigen Besuchen dieser Website verhindert: <a><br \/>\nGoogle Analytics deaktivieren<\/a><\/p>\n<p>Mehr Informationen zum Umgang mit Nutzerdaten bei Google<br \/>\nAnalytics finden Sie in der Datenschutzerkl\u00e4rung von Google: <a href=\"https:\/\/support.google.com\/analytics\/answer\/6004245?hl=de\" target=\"_blank\" rel=\"noopener noreferrer\"><br \/>\nhttps:\/\/support.google.com\/analytics\/answer\/6004245?hl=de<\/a><\/p>\n<h2><strong><br \/>\nAuftragsdatenverarbeitung<\/strong><\/h2>\n<p>Wir haben mit Google einen Vertrag zur<br \/>\nAuftragsdatenverarbeitung abgeschlossen und setzen die strengen Vorgaben der deutschen<br \/>\nDatenschutzbeh\u00f6rden bei der Nutzung von Google Analytics vollst\u00e4ndig um.<\/p>\n<h2><strong><br \/>\nDemografische Merkmale bei Google Analytics<\/strong><\/h2>\n<p>Diese Website nutzt die Funktion<br \/>\n\u201cdemografische Merkmale\u201d von Google Analytics. Dadurch k\u00f6nnen Berichte erstellt<br \/>\nwerden, die Aussagen zu Alter, Geschlecht und Interessen der Seitenbesucher enthalten. Diese Daten<br \/>\nstammen aus interessenbezogener Werbung von Google sowie aus Besucherdaten von Drittanbietern.<br \/>\nDiese Daten k\u00f6nnen keiner bestimmten Person zugeordnet werden. Sie k\u00f6nnen diese<br \/>\nFunktion jederzeit \u00fcber die Anzeigeneinstellungen in Ihrem Google-Konto deaktivieren oder die<br \/>\nErfassung Ihrer Daten durch Google Analytics wie im Punkt \u201cWiderspruch gegen<br \/>\nDatenerfassung\u201d dargestellt generell untersagen.<\/p>\n<h2>Facebook-Plugins (Like-Button)<\/h2>\n<p>Auf unseren Seiten sind Plugins des sozialen Netzwerks Facebook, Anbieter Facebook<br \/>\nInc., 1 Hacker Way, Menlo Park, California 94025, USA, integriert. Die Facebook-Plugins erkennen Sie an<br \/>\ndem Facebook-Logo oder dem &#8222;Like-Button&#8220; (&#8222;Gef\u00e4llt mir&#8220;) auf unserer Seite. Eine \u00dcbersicht<br \/>\n\u00fcber die Facebook-Plugins finden Sie hier: <a href=\"https:\/\/developers.facebook.com\/docs\/plugins\/\" target=\"_blank\" rel=\"noopener noreferrer\">https:\/\/developers.facebook.com\/docs\/plugins\/<\/a>.<\/p>\n<p>Wenn Sie unsere Seiten<br \/>\nbesuchen, wird \u00fcber das Plugin eine direkte Verbindung zwischen Ihrem Browser und dem<br \/>\nFacebook-Server hergestellt. Facebook erh\u00e4lt dadurch die Information, dass Sie mit Ihrer IPAdresse<br \/>\nunsere Seite besucht haben. Wenn Sie den Facebook &#8222;Like-Button&#8220; anklicken w\u00e4hrend Sie<br \/>\nin Ihrem Facebook-Account eingeloggt sind, k\u00f6nnen Sie die Inhalte unserer Seiten auf Ihrem<br \/>\nFacebook-Profil verlinken. Dadurch kann Facebook den Besuch unserer Seiten Ihrem Benutzerkonto<br \/>\nzuordnen. Wir weisen darauf hin, dass wir als Anbieter der Seiten keine Kenntnis vom Inhalt der<br \/>\n\u00fcbermittelten Daten sowie deren Nutzung durch Facebook erhalten. Weitere Informationen hierzu<br \/>\nfinden Sie in der Datenschutzerkl\u00e4rung von Facebook unter <a href=\"https:\/\/dede. facebook.com\/policy.php\" target=\"_blank\" rel=\"noopener noreferrer\">https:\/\/de-de.facebook.com\/policy.php<\/a>.<\/p>\n<p>Wenn<br \/>\nSie nicht w\u00fcnschen, dass Facebook den Besuch unserer Seiten Ihrem Facebook-Nutzerkonto<br \/>\nzuordnen kann, loggen Sie sich bitte aus Ihrem Facebook-Benutzerkonto aus.<\/p>\n<h2>Instagram<\/h2>\n<p>Auf unseren Seiten sind Funktionen des Dienstes Instagram eingebunden. Diese<br \/>\nFunktionen werden angeboten durch die Instagram Inc., 1601 Willow Road, Menlo Park, CA, 94025, USA<br \/>\nintegriert. Wenn Sie in Ihrem Instagram-Account eingeloggt sind k\u00f6nnen Sie durch Anklicken des<br \/>\nInstagram-Buttons die Inhalte unserer Seiten mit Ihrem Instagram-Profil verlinken. Dadurch kann<br \/>\nInstagram den Besuch unserer Seiten Ihrem Benutzerkonto zuordnen. Wir weisen darauf hin, dass wir als<br \/>\nAnbieter der Seiten keine Kenntnis vom Inhalt der u?bermittelten Daten sowie deren Nutzung durch<br \/>\nInstagram erhalten.<\/p>\n<p>Weitere Informationen hierzu finden Sie in der Datenschutzerkl\u00e4rung<br \/>\nvon Instagram: <a href=\"https:\/\/instagram.com\/about\/legal\/privacy\/\" target=\"_blank\" rel=\"noopener noreferrer\"><br \/>\nhttps:\/\/instagram.com\/about\/legal\/privacy\/<\/a><\/p>\n<h2>YouTube<\/h2>\n<p>Unsere<br \/>\nWebseite nutzt Plugins der von Google betriebenen Seite YouTube. Betreiber der Seiten ist die YouTube,<br \/>\nLLC, 901 Cherry Ave., San Bruno, CA 94066, USA. Wenn Sie eine unserer mit einem YouTube-Plugin<br \/>\nausgestatteten Seiten besuchen, wird eine Verbindung zu den Servern von YouTube hergestellt. Dabei<br \/>\nwird dem Youtube-Server mitgeteilt, welche unserer Seiten Sie besucht haben.<\/p>\n<p>Wenn Sie in<br \/>\nIhrem YouTube-Account eingeloggt sind erm\u00f6glichen Sie YouTube, Ihr Surfverhalten direkt Ihrem<br \/>\npers\u00f6nlichen Profil zuzuordnen. Dies k\u00f6nnen Sie verhindern, indem Sie sich aus Ihrem<br \/>\nYouTube-Account ausloggen.<\/p>\n<p>Weitere Informationen zum Umgang von Nutzerdaten finden Sie in<br \/>\nder Datenschutzerkl\u00e4rung von YouTube unter: <a href=\"https:\/\/www.google.de\/intl\/de\/policies\/privacy\" target=\"_blank\" rel=\"noopener noreferrer\"><br \/>\nhttps:\/\/www.google.de\/intl\/de\/policies\/privacy<\/a><\/p>\n<h2>Kommentarfunktion auf dieser Webseite<\/h2>\n<p>F\u00fcr die Kommentarfunktion auf dieser Seite werden neben Ihrem Kommentar<br \/>\nauch Angaben zum Zeitpunkt der Erstellung des Kommentars, Ihre E-Mail-Adresse und, wenn Sie nicht<br \/>\nanonym posten, der von Ihnen gew\u00e4hlte Nutzername gespeichert.<\/p>\n<h2><strong>Speicherung der IP Adresse<\/strong><\/h2>\n<p>Unsere Kommentarfunktion speichert die IP-Adressen der Nutzer, die<br \/>\nKommentare verfassen. Da wir Kommentare auf unserer Seite nicht vor der Freischaltung pr\u00fcfen,<br \/>\nben\u00f6tigen wir diese Daten, um im Falle von Rechtsverletzungen wie Beleidigungen oder<br \/>\nPropaganda gegen den Verfasser vorgehen zu k\u00f6nnen.<\/p>\n<h2>Recht auf Auskunft, L\u00f6schung, Sperrung<\/h2>\n<p>Sie haben jederzeit das Recht auf unentgeltliche Auskunft<br \/>\n\u00fcber Ihre gespeicherten personenbezogenen Daten, deren Herkunft und Empf\u00e4nger und den<br \/>\nZweck der Datenverarbeitung sowie ein Recht auf Berichtigung, Sperrung oder L\u00f6schung dieser<br \/>\nDaten. Hierzu sowie zu weiteren Fragen zum Thema personenbezogene Daten k\u00f6nnen Sie sich<br \/>\njederzeit unter der im Impressum angegebenen Adresse an uns wenden.<\/p>\n<h2>Widerspruch Werbe-Mails<\/h2>\n<p>Der Nutzung von im Rahmen der Impressumspflicht<br \/>\nver\u00f6ffentlichten Kontaktdaten zur \u00dcbersendung von nicht ausdr\u00fccklich angeforderter<br \/>\nWerbung und Informationsmaterialien wird hiermit widersprochen. Die Betreiber der Seiten behalten sich<br \/>\nausdr\u00fccklich rechtliche Schritte im Falle der unverlangten Zusendung von Werbeinformationen, etwa<br \/>\ndurch Spam-E-Mails, vor.<\/p>\n<h2><strong>Haftung f\u00fcr Links<\/strong><\/h2>\n<p>Unser Angebot enth\u00e4lt Links zu externen Webseiten Dritter, auf deren Inhalte wir keinen Einfluss haben. Deshalb k\u00f6nnen wir f\u00fcr diese fremden Inhalte auch keine Gew\u00e4hr \u00fcbernehmen. F\u00fcr die Inhalte der verlinkten Seiten ist stets der jeweilige Anbieter oder Betreiber der Seiten verantwortlich. Die verlinkten Seiten wurden zum Zeitpunkt der Verlinkung auf m\u00f6gliche Rechtsverst\u00f6\u00dfe \u00fcberpr\u00fcft. Rechtswidrige Inhalte waren zum Zeitpunkt der Verlinkung nicht erkennbar. Eine permanente inhaltliche Kontrolle der verlinkten Seiten ist jedoch ohne konkrete Anhaltspunkte einer Rechtsverletzung nicht zumutbar. Bei Bekanntwerden von Rechtsverletzungen werden wir derartige Links umgehend entfernen.<\/p>\n<p>Quelle: <a href=\"https:\/\/www.e-recht24.de\"><br \/>\neRecht24<\/a><\/p>\n","protected":false},"excerpt":{"rendered":"<p>Datenschutz Im Folgenden informieren wir \u00fcber die Erhebung personenbezogener Daten bei Nutzung unserer Website. Personenbezogene Daten sind alle Daten, die auf Sie pers\u00f6nlich beziehbar sind, z.B. Name, Adresse, E-Mail-Adressen, Nutzerverhalten. Verantwortlicher gem\u00e4\u00df Artikel 4 Absatz 7 DS-GVO ist die\u00a0 M\u00fchl Product &amp; Service AG, Gie\u00dfenerstr. 42, 35410 Hungen. Unseren betrieblichen Datenschutzbeauftragten (Herr Heinz Fiebig &#8211;\u00a0 AlbaCon Media &#8211; eine Sparte<\/p>\n<p><a class=\"more-link\" href=\"https:\/\/www.muehl.de\/hungen\/datenschutzerklaerung\/\">Weiterlesen<\/a><\/p>\n","protected":false},"author":1,"featured_media":0,"parent":0,"menu_order":0,"comment_status":"closed","ping_status":"closed","template":"","meta":{"footnotes":""},"class_list":["post-1983","page","type-page","status-publish","hentry"],"_links":{"self":[{"href":"https:\/\/www.muehl.de\/hungen\/wp-json\/wp\/v2\/pages\/1983","targetHints":{"allow":["GET"]}}],"collection":[{"href":"https:\/\/www.muehl.de\/hungen\/wp-json\/wp\/v2\/pages"}],"about":[{"href":"https:\/\/www.muehl.de\/hungen\/wp-json\/wp\/v2\/types\/page"}],"author":[{"embeddable":true,"href":"https:\/\/www.muehl.de\/hungen\/wp-json\/wp\/v2\/users\/1"}],"replies":[{"embeddable":true,"href":"https:\/\/www.muehl.de\/hungen\/wp-json\/wp\/v2\/comments?post=1983"}],"version-history":[{"count":3,"href":"https:\/\/www.muehl.de\/hungen\/wp-json\/wp\/v2\/pages\/1983\/revisions"}],"predecessor-version":[{"id":2394,"href":"https:\/\/www.muehl.de\/hungen\/wp-json\/wp\/v2\/pages\/1983\/revisions\/2394"}],"wp:attachment":[{"href":"https:\/\/www.muehl.de\/hungen\/wp-json\/wp\/v2\/media?parent=1983"}],"curies":[{"name":"wp","href":"https:\/\/api.w.org\/{rel}","templated":true}]}}