{"id":2148,"date":"2018-12-21T12:39:44","date_gmt":"2018-12-21T11:39:44","guid":{"rendered":"http:\/\/www.muehl.de\/hungen\/?page_id=2148"},"modified":"2025-01-21T16:52:27","modified_gmt":"2025-01-21T15:52:27","slug":"ausbildung","status":"publish","type":"page","link":"https:\/\/www.muehl.de\/hungen\/ausbildung\/","title":{"rendered":"Ausbildung"},"content":{"rendered":"<p>Die M24 GmbH ist ein mittelst\u00e4ndisches Unternehmen, welches sich auf den Handel mit Bauprodukten spezialisiert hat. Das Unternehmen wurde 1928 als Familienunternehmen von Hermann M\u00fchl gegr\u00fcndet. Mit den Jahren entstand ein gro\u00dfer Baustoffhandel mit Hauptsitz in Hungen. Die M24 GmbH besch\u00e4ftigt an ihren zwei Standorten in Hungen und Kranichfeld rund 75 Mitarbeiter, an dem Standort Wetzlar besch\u00e4ftigt M\u00fchl24 Baubedarf GmbH weitere 35 Mitarbeiter.<\/p>\n<p>Wir bilden aus:<\/p>\n<p>-Kaufleute f\u00fcr Gro\u00df- und Au\u00dfenhandelsmanagement (m\/w\/d)<\/p>\n<p>-Fachkraft f\u00fcr Lagerlogistik (m\/w\/d)<\/p>\n<p>-Studiumplus: Bachelor-Studiengang Betriebswirtschaft (BWL) Abschluss Bachelor of Arts (B.A.) zusammen mit der THM-Wetzlar<\/p>\n<p><strong>Zum 01. August haben wir an unseren 3 Standorten noch Ausbildungspl\u00e4tze f\u00fcr folgende Bereich:<\/strong><\/p>\n<p><a href=\"http:\/\/www.muehl.de\/hungen\/wp-content\/uploads\/2022\/04\/Ausbildung-KaufmannMuehl2021.jpg\"><img loading=\"lazy\" decoding=\"async\" class=\"alignnone wp-image-2456 size-large\" src=\"http:\/\/www.muehl.de\/hungen\/wp-content\/uploads\/2022\/04\/Ausbildung-KaufmannMuehl2021-564x1024.jpg\" alt=\"\" width=\"564\" height=\"1024\" srcset=\"https:\/\/www.muehl.de\/hungen\/wp-content\/uploads\/2022\/04\/Ausbildung-KaufmannMuehl2021-564x1024.jpg 564w, https:\/\/www.muehl.de\/hungen\/wp-content\/uploads\/2022\/04\/Ausbildung-KaufmannMuehl2021-165x300.jpg 165w, https:\/\/www.muehl.de\/hungen\/wp-content\/uploads\/2022\/04\/Ausbildung-KaufmannMuehl2021.jpg 650w\" sizes=\"auto, (max-width: 564px) 100vw, 564px\" \/><\/a><\/p>\n<hr \/>\n<p>Ausbildung Kaufleute f\u00fcr Gro\u00df- und Au\u00dfenhandelsmanagement<\/p>\n<p>Suchst du einen extrem vielseitigen Beruf?<\/p>\n<p>Interessierst du dich f\u00fcr unseres breites Warensortiment und hast Spa\u00df an Beratung und Verkauf?<\/p>\n<p>Dann bewirb dich bei uns f\u00fcr eine Ausbildung zur\/zum Kauffrau \/ -mann * im Gro\u00df- und Au\u00dfenhandelsmanagement (IHK)<\/p>\n<p>Kaufleute im Gro\u00df- und Au\u00dfenhandelsmanagement sind Vermittler zwischen Warenproduzenten und Einzelh\u00e4ndlern sowie Gro\u00dfverbrauchern. In dieser Funktion bieten die Kaufleute im Gro\u00df- und Au\u00dfenhandelsmanagement ihren Kunden stimmige Sortimente an, die sie aus dem riesigen Angebot inl\u00e4ndischer und ausl\u00e4ndischer Anbieter ausw\u00e4hlen.<\/p>\n<p>In der Fachrichtung Gro\u00dfhandel liegen die Hauptaufgaben in den Bereichen Einkauf, Kalkulation, Lagerverwaltung und Vertrieb. Wichtig dabei ist, die F\u00e4higkeit zu erlernen, unter Nutzung aller modernen Kommunikationsmittel, zielstrebig und bestimmt zu verhandeln. Sicheres Auftreten, Kontaktfreudigkeit, Sprachgewandtheit und solide rechnerische F\u00e4higkeiten stellen daher gute Voraussetzungen f\u00fcr Kaufleute im Gro\u00df- und Au\u00dfenhandelsmanagement dar.<\/p>\n<p>Die Ausbildung dauert in der Regel 3 Jahre. Eine Verk\u00fcrzung der Ausbildungszeit ist aufgrund bestimmter schulischer Abschl\u00fcsse oder \u00fcberdurchschnittlicher Ausbildungsleistungen m\u00f6glich.<\/p>\n<p>Wesentliche Inhalte:<\/p>\n<ul>\n<li><span data-offset-key=\"4efu6-0-0\">Einkauf, Kalkulation, Lagerverwaltung und Vertrieb<\/span><\/li>\n<li>Waren- und kundenbezogene Dienstleistungen<\/li>\n<li>Elektronische Gesch\u00e4ftsprozesse (E-Business), Datenschutz, IT-Sicherheit<\/li>\n<li>Arbeit in Projekten (Projektmanagement)<\/li>\n<li>Vielfalt der Vertriebskan\u00e4le, insb. Onlinevertriebskanal (E-Commerce)<\/li>\n<li>Nachhaltigkeit in Lieferketten<\/li>\n<li>Betriebliche Compliance<\/li>\n<li>Retourenmanagement (Fachrichtung Gro\u00dfhandel)<\/li>\n<li>internationale Berufskompetenzen (Fachrichtung Au\u00dfenhandel)<\/li>\n<\/ul>\n<p><img loading=\"lazy\" decoding=\"async\" class=\"alignnone size-full wp-image-2336\" src=\"http:\/\/www.muehl.de\/hungen\/wp-content\/uploads\/2021\/02\/Muehl-Azubi-Gross-Aussenhandel-Beschreibung.jpg\" alt=\"\" width=\"625\" height=\"837\" srcset=\"https:\/\/www.muehl.de\/hungen\/wp-content\/uploads\/2021\/02\/Muehl-Azubi-Gross-Aussenhandel-Beschreibung.jpg 625w, https:\/\/www.muehl.de\/hungen\/wp-content\/uploads\/2021\/02\/Muehl-Azubi-Gross-Aussenhandel-Beschreibung-224x300.jpg 224w\" sizes=\"auto, (max-width: 625px) 100vw, 625px\" \/><\/p>\n<hr \/>\n<p><img loading=\"lazy\" decoding=\"async\" class=\"alignnone wp-image-2339 size-large\" src=\"http:\/\/www.muehl.de\/hungen\/wp-content\/uploads\/2021\/02\/Ausbildung-LageristMuehl2021-1-564x1024.jpg\" alt=\"\" width=\"564\" height=\"1024\" srcset=\"https:\/\/www.muehl.de\/hungen\/wp-content\/uploads\/2021\/02\/Ausbildung-LageristMuehl2021-1-564x1024.jpg 564w, https:\/\/www.muehl.de\/hungen\/wp-content\/uploads\/2021\/02\/Ausbildung-LageristMuehl2021-1-165x300.jpg 165w, https:\/\/www.muehl.de\/hungen\/wp-content\/uploads\/2021\/02\/Ausbildung-LageristMuehl2021-1.jpg 650w\" sizes=\"auto, (max-width: 564px) 100vw, 564px\" \/><\/p>\n<p><strong>Fachlagerist \/ -in und Fachkraft f\u00fcr Lagerlogistik:<\/strong><\/p>\n<p>Arbeiten Sie zuverl\u00e4ssig, gewissenhaft und sind belastbar?<\/p>\n<p>Macht Ihnen die Arbeit mit technischen Ger\u00e4ten wie z.B. Hubger\u00e4ten, Front- oder Gabelstaplern Spa\u00df?<\/p>\n<p>Dann bewerben Sie sich bei uns f\u00fcr eine Ausbildung zum\/zur Fachlagerist \/-in (IHK) oder zur Fachkraft f\u00fcr Lagerlogistik (IHK).<\/p>\n<h4>Voraussetzungen, Interessen, Neigungen<\/h4>\n<p>Eine umsichtige und sorgf\u00e4ltige Arbeitsweise ist gefragt. Organisationstalent und Verantwortungsbewusstsein sind wichtig. Bewerber sollten zudem Freude an k\u00f6rperlicher Arbeit sowie Interesse an der Arbeit im Lager mitbringen. Fachlageristen sind verantwortlich f\u00fcr die Warenannahme und die sachgerechte Lagerung von G\u00fctern. Sie erstellen Ladelisten unter Beachtung von Ladevorschriften und wirken bei der Erstellung der Tourenpl\u00e4ne mit.<\/p>\n<h4>Dauer der Ausbildung 3 Jahre<\/h4>\n<p><img loading=\"lazy\" decoding=\"async\" class=\"alignnone size-full wp-image-2337\" src=\"http:\/\/www.muehl.de\/hungen\/wp-content\/uploads\/2021\/02\/Muehl-Azubi-Lagerist-Beschreibung.jpg\" alt=\"\" width=\"658\" height=\"859\" srcset=\"https:\/\/www.muehl.de\/hungen\/wp-content\/uploads\/2021\/02\/Muehl-Azubi-Lagerist-Beschreibung.jpg 658w, https:\/\/www.muehl.de\/hungen\/wp-content\/uploads\/2021\/02\/Muehl-Azubi-Lagerist-Beschreibung-230x300.jpg 230w\" sizes=\"auto, (max-width: 658px) 100vw, 658px\" \/><\/p>\n<hr \/>\n<p>F\u00fcr welchen Standort interessieren Sie sich?<\/p>\n<p><img loading=\"lazy\" decoding=\"async\" class=\"alignnone  wp-image-2412\" src=\"http:\/\/www.muehl.de\/hungen\/wp-content\/uploads\/2021\/07\/Muehl-Product-Service-Hungen-Adresse.png\" alt=\"\" width=\"370\" height=\"218\" srcset=\"https:\/\/www.muehl.de\/hungen\/wp-content\/uploads\/2021\/07\/Muehl-Product-Service-Hungen-Adresse.png 1132w, https:\/\/www.muehl.de\/hungen\/wp-content\/uploads\/2021\/07\/Muehl-Product-Service-Hungen-Adresse-300x177.png 300w, https:\/\/www.muehl.de\/hungen\/wp-content\/uploads\/2021\/07\/Muehl-Product-Service-Hungen-Adresse-1024x602.png 1024w, https:\/\/www.muehl.de\/hungen\/wp-content\/uploads\/2021\/07\/Muehl-Product-Service-Hungen-Adresse-768x452.png 768w, https:\/\/www.muehl.de\/hungen\/wp-content\/uploads\/2021\/07\/Muehl-Product-Service-Hungen-Adresse-800x471.png 800w\" sizes=\"auto, (max-width: 370px) 100vw, 370px\" \/><\/p>\n<p><img loading=\"lazy\" decoding=\"async\" class=\"alignnone  wp-image-2415\" src=\"http:\/\/www.muehl.de\/hungen\/wp-content\/uploads\/2021\/07\/Muehl-Product-Service-Kranichfeld-Adresse.png\" alt=\"\" width=\"372\" height=\"218\" srcset=\"https:\/\/www.muehl.de\/hungen\/wp-content\/uploads\/2021\/07\/Muehl-Product-Service-Kranichfeld-Adresse.png 1133w, https:\/\/www.muehl.de\/hungen\/wp-content\/uploads\/2021\/07\/Muehl-Product-Service-Kranichfeld-Adresse-300x176.png 300w, https:\/\/www.muehl.de\/hungen\/wp-content\/uploads\/2021\/07\/Muehl-Product-Service-Kranichfeld-Adresse-1024x601.png 1024w, https:\/\/www.muehl.de\/hungen\/wp-content\/uploads\/2021\/07\/Muehl-Product-Service-Kranichfeld-Adresse-768x451.png 768w, https:\/\/www.muehl.de\/hungen\/wp-content\/uploads\/2021\/07\/Muehl-Product-Service-Kranichfeld-Adresse-800x470.png 800w\" sizes=\"auto, (max-width: 372px) 100vw, 372px\" \/><\/p>\n<p><img loading=\"lazy\" decoding=\"async\" class=\"alignnone  wp-image-2414\" src=\"http:\/\/www.muehl.de\/hungen\/wp-content\/uploads\/2021\/07\/Muehl-Baubedarf-Wetzlar-Adresse.png\" alt=\"\" width=\"370\" height=\"217\" srcset=\"https:\/\/www.muehl.de\/hungen\/wp-content\/uploads\/2021\/07\/Muehl-Baubedarf-Wetzlar-Adresse.png 1133w, https:\/\/www.muehl.de\/hungen\/wp-content\/uploads\/2021\/07\/Muehl-Baubedarf-Wetzlar-Adresse-300x176.png 300w, https:\/\/www.muehl.de\/hungen\/wp-content\/uploads\/2021\/07\/Muehl-Baubedarf-Wetzlar-Adresse-1024x600.png 1024w, https:\/\/www.muehl.de\/hungen\/wp-content\/uploads\/2021\/07\/Muehl-Baubedarf-Wetzlar-Adresse-768x450.png 768w, https:\/\/www.muehl.de\/hungen\/wp-content\/uploads\/2021\/07\/Muehl-Baubedarf-Wetzlar-Adresse-800x469.png 800w\" sizes=\"auto, (max-width: 370px) 100vw, 370px\" \/><\/p>\n<p>Interessiert? Dann freuen wir uns auf Ihre Bewerbung mit vollst\u00e4ndigen Unterlagen per E-Mail an: <a href=\"mailto:job@muehl.de\"><strong>job@muehl.de<\/strong><\/a>, oder per Post an M24 GmbH, Gie\u00dfener Stra\u00dfe 42, 35410 Hungen, z. H. Jochen Willig.<\/p>\n","protected":false},"excerpt":{"rendered":"<p>Die M24 GmbH ist ein mittelst\u00e4ndisches Unternehmen, welches sich auf den Handel mit Bauprodukten spezialisiert hat. Das Unternehmen wurde 1928 als Familienunternehmen von Hermann M\u00fchl gegr\u00fcndet. Mit den Jahren entstand ein gro\u00dfer Baustoffhandel mit Hauptsitz in Hungen. Die M24 GmbH besch\u00e4ftigt an ihren zwei Standorten in Hungen und Kranichfeld rund 75 Mitarbeiter, an dem Standort Wetzlar besch\u00e4ftigt M\u00fchl24 Baubedarf GmbH<\/p>\n<p><a class=\"more-link\" href=\"https:\/\/www.muehl.de\/hungen\/ausbildung\/\">Weiterlesen<\/a><\/p>\n","protected":false},"author":1,"featured_media":0,"parent":0,"menu_order":0,"comment_status":"closed","ping_status":"closed","template":"","meta":{"footnotes":""},"class_list":["post-2148","page","type-page","status-publish","hentry"],"_links":{"self":[{"href":"https:\/\/www.muehl.de\/hungen\/wp-json\/wp\/v2\/pages\/2148","targetHints":{"allow":["GET"]}}],"collection":[{"href":"https:\/\/www.muehl.de\/hungen\/wp-json\/wp\/v2\/pages"}],"about":[{"href":"https:\/\/www.muehl.de\/hungen\/wp-json\/wp\/v2\/types\/page"}],"author":[{"embeddable":true,"href":"https:\/\/www.muehl.de\/hungen\/wp-json\/wp\/v2\/users\/1"}],"replies":[{"embeddable":true,"href":"https:\/\/www.muehl.de\/hungen\/wp-json\/wp\/v2\/comments?post=2148"}],"version-history":[{"count":14,"href":"https:\/\/www.muehl.de\/hungen\/wp-json\/wp\/v2\/pages\/2148\/revisions"}],"predecessor-version":[{"id":2670,"href":"https:\/\/www.muehl.de\/hungen\/wp-json\/wp\/v2\/pages\/2148\/revisions\/2670"}],"wp:attachment":[{"href":"https:\/\/www.muehl.de\/hungen\/wp-json\/wp\/v2\/media?parent=2148"}],"curies":[{"name":"wp","href":"https:\/\/api.w.org\/{rel}","templated":true}]}}