{"id":2284,"date":"2020-10-13T12:40:39","date_gmt":"2020-10-13T10:40:39","guid":{"rendered":"http:\/\/www.muehl.de\/hungen\/?page_id=2284"},"modified":"2020-10-13T12:47:23","modified_gmt":"2020-10-13T10:47:23","slug":"herholz-innentueren","status":"publish","type":"page","link":"https:\/\/www.muehl.de\/hungen\/herholz-innentueren\/","title":{"rendered":"Herholz Innent\u00fcren"},"content":{"rendered":"\n<p><strong>Decora<\/strong><\/p>\n\n\n\n<figure class=\"wp-block-image size-large\"><img loading=\"lazy\" decoding=\"async\" width=\"411\" height=\"555\" src=\"https:\/\/www.muehl.de\/hungen\/wp-content\/uploads\/2020\/10\/grafik.png\" alt=\"\" class=\"wp-image-2285\" srcset=\"https:\/\/www.muehl.de\/hungen\/wp-content\/uploads\/2020\/10\/grafik.png 411w, https:\/\/www.muehl.de\/hungen\/wp-content\/uploads\/2020\/10\/grafik-222x300.png 222w\" sizes=\"auto, (max-width: 411px) 100vw, 411px\" \/><\/figure>\n\n\n\n<p>Illusion oder Wirklichkeit \u2013 dies muss kein Widerspruch sein. In dem neuen Decora-Katalog zeigt Herholz den perfekten Umgang mit dem mehrschichtigen Werkstoff CPL (Continuous Pressure Laminate). Als Gestaltungspartner f\u00fcr ein rundum sch\u00f6nes und modernes Wohnambiente bietet Decora die Wahl zwischen 26 spannenden Oberfl\u00e4chendesigns. Ob Wellness-Oase, Kinderzimmer, edle Wohnk\u00fcche oder stilvolles Wohnzimmer \u2013 der Decora-Katalog ist eine Reise durch zahlreiche Wohnwelten und stellt darauf abgestimmt verschiedene Modell-Optionen vor. Die Vielfalt von Zusatzausstattungen, wie Glasrahmen, mit denen sich jede Decora-T\u00fcr aufwerten l\u00e4sst, macht die Auswahl nicht leichter. Wie gut, dass Herholz das ganze Spectrum der M\u00f6glichkeiten in informativen \u00dcbersichtsseiten darstellt. Von der Erstinformation bis zur Detailplanung findet der Leser alles Wissenswerte \u00fcber Decora, dem T\u00fcr-Allrounder mit erstaunlicher Vielfalt.<\/p>\n\n\n\n<p><\/p>\n\n\n\n<h2 class=\"wp-block-heading\"><strong>Wei\u00dflack<\/strong><\/h2>\n\n\n\n<figure class=\"wp-block-image size-large\"><img loading=\"lazy\" decoding=\"async\" width=\"406\" height=\"581\" src=\"https:\/\/www.muehl.de\/hungen\/wp-content\/uploads\/2020\/10\/grafik-1.png\" alt=\"\" class=\"wp-image-2286\" srcset=\"https:\/\/www.muehl.de\/hungen\/wp-content\/uploads\/2020\/10\/grafik-1.png 406w, https:\/\/www.muehl.de\/hungen\/wp-content\/uploads\/2020\/10\/grafik-1-210x300.png 210w\" sizes=\"auto, (max-width: 406px) 100vw, 406px\" \/><\/figure>\n\n\n\n<p>Wei\u00df ist der Wohntrend Nummer eins. Der Design-Klassiker \u201aWei\u00df\u2019 kennt sich in jeder Stilrichtung aus. Ob romantischer Landhausstil, puristische Bauhausoptik, klassische Eleganz oder schlichte Moderne \u2013 das Elegant-Programm von Herholz h\u00e4lt f\u00fcr anspruchsvolles Wohnen jeder Couleur garantiert den passenden T\u00fcr-Favoriten in Wei\u00df parat. Hier stellt der neue Elegant-Katalog eine F\u00fclle von T\u00fcrpers\u00f6nlichkeiten vor. Alle Modelle vereinen beides in sich \u2013 Zeitlosigkeit und Aktualit\u00e4t. Wie dies gelingt, zeigt Herholz bei Elegant vor allem mit einer reduzierten Formensprache. Darf es das fl\u00e4chenb\u00fcndige T\u00fcr-Design sein oder die technische Wei\u00dflack-T\u00fcr mit Sicherheitsbeschlag? In dem Katalog spielt Herholz seine Hersteller-Kompetenz in jeder Hinsicht aus. Einfach durchbl\u00e4ttern, sich von der gro\u00dfz\u00fcgigen Bildsprache inspirieren lassen und dann den Blick \u00fcber die anschaulich pr\u00e4sentierten T\u00fcrvarianten und Detail\u00fcbersichten schweifen lassen \u2013 so kann die Reise \u201aVerf\u00fchrung in Wei\u00df\u2019 schlie\u00dflich bei der eigenen Traumt\u00fcr erfolgreich enden.<\/p>\n\n\n\n<h2 class=\"wp-block-heading\"><strong>Furnier<\/strong><\/h2>\n\n\n\n<figure class=\"wp-block-image size-large\"><img loading=\"lazy\" decoding=\"async\" width=\"401\" height=\"579\" src=\"https:\/\/www.muehl.de\/hungen\/wp-content\/uploads\/2020\/10\/grafik-2.png\" alt=\"\" class=\"wp-image-2287\" srcset=\"https:\/\/www.muehl.de\/hungen\/wp-content\/uploads\/2020\/10\/grafik-2.png 401w, https:\/\/www.muehl.de\/hungen\/wp-content\/uploads\/2020\/10\/grafik-2-208x300.png 208w\" sizes=\"auto, (max-width: 401px) 100vw, 401px\" \/><\/figure>\n\n\n\n<p>Holzliebhaber sind begeistert \u2013 mit Furniert\u00fcren von Herholz zieht die Behaglichkeit und Nat\u00fcrlichkeit von Holz in seiner sch\u00f6nsten Form zuhause ein. So vielf\u00e4ltig wie die Natur ist, so vielf\u00e4ltig ist auch die Herholz-Furniervielfalt. In dem Furnier-Katalog stellt Herholz absolute Trendsetter \u2013 wie z.B. \u201aEsche Braunkern\u2019 oder \u201aSatin Walnut\u2019 vor, mit denen sich angesagte Wohnstile umsetzen lassen. Aber auch Vertreter f\u00fcr zeitlos-klassische Wohnbilder, wie \u201aEiche natur\u2019 oder \u201aKanadischer Ahorn\u2019, reihen sich in modernster Aufmachung ein. Die \u201eHolz-Stars\u201c aus den Programmen \u201aModern\u2019, \u201aZeitlos\u2019 und \u201aKlassik\u2019 werden in vielf\u00e4ltigen Ausf\u00fchrungen und Ausstattungen pr\u00e4sentiert. Stimmungsvolle Ambiente-Bilder dokumentieren die Stilwelten, mit denen die Furniert\u00fcren spielend leicht harmonieren. Viele technische Details und eine komplette Oberfl\u00e4chen\u00fcbersicht machen den Katalog ebenso&nbsp; zu einem wertvollen Ratgeber. Wer auf der Suche nach einer hochwertigen Furniert\u00fcr f\u00fcr gehobenes Wohnen ist, findet in dem Furnierprospekt einen wertvollen Leitfaden.<\/p>\n\n\n\n<p class=\"has-medium-font-size\">M\u00fchl24 GmbH in Hungen, ber\u00e4t Sie gerne, wenn es um hochwertige Innent\u00fcren, der Marke Herholz, Pr\u00fcm, Westag, HGM geht.<\/p>\n\n\n\n<p class=\"has-medium-font-size\">Vereinbaren Sie jetzt einen Beratungstermin 06402\/5200-0<\/p>\n\n\n\n<h2 class=\"wp-block-heading\">M\u00fchl24 GmbH, Gie\u00dfenerstr. 42, 35410 Hungen, Herholzt\u00fcren, Herholz H\u00e4ndler, die gr\u00f6\u00dfte Ausstellung der Region, bei uns finden Sie nicht nur T\u00fcren, Bodenbel\u00e4ge von Haro und Anspruchsvolle Fliesen<\/h2>\n","protected":false},"excerpt":{"rendered":"<p>Decora Illusion oder Wirklichkeit \u2013 dies muss kein Widerspruch sein. In dem neuen Decora-Katalog zeigt Herholz den perfekten Umgang mit dem mehrschichtigen Werkstoff CPL (Continuous Pressure Laminate). Als Gestaltungspartner f\u00fcr ein rundum sch\u00f6nes und modernes Wohnambiente bietet Decora die Wahl zwischen 26 spannenden Oberfl\u00e4chendesigns. Ob Wellness-Oase, Kinderzimmer, edle Wohnk\u00fcche oder stilvolles Wohnzimmer \u2013 der Decora-Katalog ist eine Reise durch zahlreiche<\/p>\n<p><a class=\"more-link\" href=\"https:\/\/www.muehl.de\/hungen\/herholz-innentueren\/\">Weiterlesen<\/a><\/p>\n","protected":false},"author":1,"featured_media":0,"parent":0,"menu_order":0,"comment_status":"closed","ping_status":"closed","template":"","meta":{"footnotes":""},"class_list":["post-2284","page","type-page","status-publish","hentry"],"_links":{"self":[{"href":"https:\/\/www.muehl.de\/hungen\/wp-json\/wp\/v2\/pages\/2284","targetHints":{"allow":["GET"]}}],"collection":[{"href":"https:\/\/www.muehl.de\/hungen\/wp-json\/wp\/v2\/pages"}],"about":[{"href":"https:\/\/www.muehl.de\/hungen\/wp-json\/wp\/v2\/types\/page"}],"author":[{"embeddable":true,"href":"https:\/\/www.muehl.de\/hungen\/wp-json\/wp\/v2\/users\/1"}],"replies":[{"embeddable":true,"href":"https:\/\/www.muehl.de\/hungen\/wp-json\/wp\/v2\/comments?post=2284"}],"version-history":[{"count":3,"href":"https:\/\/www.muehl.de\/hungen\/wp-json\/wp\/v2\/pages\/2284\/revisions"}],"predecessor-version":[{"id":2292,"href":"https:\/\/www.muehl.de\/hungen\/wp-json\/wp\/v2\/pages\/2284\/revisions\/2292"}],"wp:attachment":[{"href":"https:\/\/www.muehl.de\/hungen\/wp-json\/wp\/v2\/media?parent=2284"}],"curies":[{"name":"wp","href":"https:\/\/api.w.org\/{rel}","templated":true}]}}