{"id":261,"date":"2017-07-18T14:49:18","date_gmt":"2017-07-18T12:49:18","guid":{"rendered":"http:\/\/www.muehl24.info\/wp\/?page_id=261"},"modified":"2025-01-21T17:06:27","modified_gmt":"2025-01-21T16:06:27","slug":"standorte","status":"publish","type":"page","link":"https:\/\/www.muehl.de\/hungen\/standorte\/","title":{"rendered":"Standorte"},"content":{"rendered":"<h1><span style=\"color: #354c9c;\"><strong>Anschrift und \u00d6ffnungszeiten<\/strong><\/span><\/h1>\n<p><span style=\"color: #354c9c;\">Auf einer Gesamtfl\u00e4che von 75.000m\u00b2 in Hungen sowie rund 45.000m\u00b2 in Kranichfeld und 32.000m\u00b2 in Wetzlar erwarten Sie unsere gro\u00dfe Bauausstellung und das Service Center mit modernem Lager- und Logistikzentrum damit sind wir f\u00fcr alle Ihre W\u00fcnsche gut ger\u00fcstet.<\/span><\/p>\n<div><\/div>\n<div><\/div>\n<table style=\"height: 625px;\" width=\"945\">\n<tbody>\n<tr>\n<th style=\"text-align: center;\"><\/th>\n<th><\/th>\n<\/tr>\n<tr>\n<td style=\"text-align: left;\">\n<h2><span style=\"color: #354c9c;\"><strong>M24 GmbH Hungen<\/strong><\/span><\/h2>\n<p>Gie\u00dfener Stra\u00dfe 42<br \/>\n35410 Hungen<br \/>\nTelefon: 06402 5200-0<br \/>\nTelefax: 06402 5200-299<br \/>\nE-Mail: hungen@muehl.de<br \/>\nInternet: <a href=\"http:\/\/www.muehl.de\/hungen\">www.muehl.de\/hungen<\/a><br \/>\n<a style=\"color: #354c9c;\" href=\"http:\/\/www.muehl.de\/hungen\/standort-hungen\/\">\u2192 Ansprechpartner<\/a><\/td>\n<td>\n<h2><strong><span style=\"color: #354c9c;\">M24 GmbH Kranichfeld<\/span><\/strong><\/h2>\n<p>Bahnhofstr. 15<br \/>\n99448 Kranichfeld<br \/>\nTelefon: 036450 33-0<br \/>\nFax: 036450 33-298<br \/>\nE-Mail: kranichfeld@muehl.de<br \/>\nInternet: <a href=\"http:\/\/www.muehl24.de\/kranichfeld\">www.muehl.de\/kranichfeld<\/a><br \/>\n<a style=\"color: #354c9c;\" href=\"http:\/\/www.muehl.de\/hungen\/standort-kranichfeld\/\">\u2192 Ansprechpartner<\/a><\/td>\n<td>\n<h2><span style=\"color: #354c9c;\"><strong>M\u00fchl24 Baubedarf GmbH Wetzlar<\/strong><\/span><\/h2>\n<p>Gabelsbergerstr. 33-45<br \/>\n35576 Wetzlar<br \/>\nTelefon: 06441 \/ 37 77 &#8211; 0<br \/>\nTelefax: 06441 \/ 37 77 \u2013 895<br \/>\nE-Mail wetzlar@muehl.de<br \/>\nInternet <a href=\"http:\/\/www.muehl24.de\/wetzlar\/\">www.muehl.de\/wetzlar<\/a><br \/>\n<a style=\"color: #354c9c;\" href=\"http:\/\/www.muehl.de\/hungen\/standort-wetzlar\/\">\u2192 Ansprechpartner<\/a><\/td>\n<\/tr>\n<tr>\n<td style=\"text-align: left;\"><iframe loading=\"lazy\" src=\"https:\/\/www.google.com\/maps\/embed?pb=!1m18!1m12!1m3!1d2539.073720703499!2d8.884066015755556!3d50.47697127947911!2m3!1f0!2f0!3f0!3m2!1i1024!2i768!4f13.1!3m3!1m2!1s0x47bcfacd05b0f0d1%3A0x64b2c621df4143db!2sM%C3%BChl24+GmbH!5e0!3m2!1sde!2sde!4v1500629231606\" width=\"300\" height=\"300\" frameborder=\"0\" allowfullscreen=\"allowfullscreen\"><\/iframe><\/td>\n<td style=\"text-align: left;\"><iframe loading=\"lazy\" src=\"https:\/\/www.google.com\/maps\/embed?pb=!1m18!1m12!1m3!1d2518.5584391084103!2d11.205175351877434!3d50.85786057943314!2m3!1f0!2f0!3f0!3m2!1i1024!2i768!4f13.1!3m3!1m2!1s0x47a408f3c3f0f5b1%3A0x5565ad16a91bc851!2sM%C3%BChl24+GmbH!5e0!3m2!1sde!2sde!4v1500637398210\" width=\"300\" height=\"300\" frameborder=\"0\" allowfullscreen=\"allowfullscreen\"><\/iframe><\/td>\n<td style=\"text-align: left;\"><iframe loading=\"lazy\" src=\"https:\/\/www.google.com\/maps\/embed?pb=!1m18!1m12!1m3!1d24107.27221045954!2d8.482022478713333!3d50.572017666261246!2m3!1f0!2f0!3f0!3m2!1i1024!2i768!4f13.1!3m3!1m2!1s0x47bc5ada59616e3b%3A0x49d11da8274853fb!2sM%C3%BChl24+Baubedarf+Wetzlar+GmbH!5e0!3m2!1sde!2sde!4v1500626613396\" width=\"300\" height=\"300\" frameborder=\"0\" allowfullscreen=\"allowfullscreen\"><\/iframe><\/td>\n<\/tr>\n<\/tbody>\n<\/table>\n<div id=\"accordions-515\" class=\"accordions-515 accordions\" data-accordions={&quot;lazyLoad&quot;:false,&quot;id&quot;:&quot;515&quot;,&quot;event&quot;:&quot;click&quot;,&quot;collapsible&quot;:&quot;true&quot;,&quot;heightStyle&quot;:&quot;content&quot;,&quot;animateStyle&quot;:&quot;swing&quot;,&quot;animateDelay&quot;:1000,&quot;navigation&quot;:true,&quot;active&quot;:999,&quot;expandedOther&quot;:&quot;no&quot;}>\r\n                <div class=\"items\" >\r\n    \r\n            <div post_id=\"515\" itemcount=\"0\"  header_id=\"header-0\" id=\"header-0\" style=\"\" class=\"accordions-head head0 border-none\" toggle-text=\"\" main-text=\"M\u00fchl Product &amp; Service AG Hungen\/ Kontakt\">\r\n                                    <span id=\"accordion-icons-0\" class=\"accordion-icons\">\r\n                        <span class=\"accordion-icon-active accordion-plus\"><i class=\"fa fa-chevron-up\"><\/i><\/span>\r\n                        <span class=\"accordion-icon-inactive accordion-minus\"><i class=\"fa fa-chevron-down\"><\/i><\/span>\r\n                    <\/span>\r\n                    <span id=\"header-text-0\" class=\"accordions-head-title\">M\u00fchl Product &amp; Service AG Hungen\/ Kontakt<\/span>\r\n                            <\/div>\r\n            <div class=\"accordion-content content0 \">\r\n                <p><span style=\"color: #354c9c;\"><strong>M\u00fchl Product & Service AG Hungen <\/strong><\/span><\/p>\r\n<p><span style=\"color: #354c9c;\">Gie\u00dfener Stra\u00dfe 42<img loading=\"lazy\" decoding=\"async\" class=\"size-medium wp-image-448 alignright\" src=\"http:\/\/www.muehl24.info\/wp\/wp-content\/uploads\/2016\/11\/13346888_1687114178217869_809756966462870162_n-300x225.jpg\" alt=\"\" width=\"300\" height=\"225\" srcset=\"https:\/\/www.muehl.de\/hungen\/wp-content\/uploads\/2016\/11\/13346888_1687114178217869_809756966462870162_n-300x225.jpg 300w, https:\/\/www.muehl.de\/hungen\/wp-content\/uploads\/2016\/11\/13346888_1687114178217869_809756966462870162_n-768x575.jpg 768w, https:\/\/www.muehl.de\/hungen\/wp-content\/uploads\/2016\/11\/13346888_1687114178217869_809756966462870162_n-800x599.jpg 800w, https:\/\/www.muehl.de\/hungen\/wp-content\/uploads\/2016\/11\/13346888_1687114178217869_809756966462870162_n-400x300.jpg 400w, https:\/\/www.muehl.de\/hungen\/wp-content\/uploads\/2016\/11\/13346888_1687114178217869_809756966462870162_n.jpg 960w\" sizes=\"auto, (max-width: 300px) 100vw, 300px\" \/><\/span> <span style=\"color: #354c9c;\"> 35410 Hungen<\/span> <span style=\"color: #354c9c;\"> Telefon: 06402 5200-0<\/span> <span style=\"color: #354c9c;\"> Telefax: 06402 5200-299<\/span> <span style=\"color: #354c9c;\"> E-Mail:\u00a0<\/span><span style=\"color: #354c9c;\"><a href=\"mailto:hungen@muehl.de\">hungen@muehl.de<\/a><\/span> <strong><a href=\"http:\/\/www.muehl.de\/hungen\/standort-hungen\/\">\u2192 Standortseite\/ Ansprechpartner<\/a><\/strong> <strong><span style=\"color: #354c9c;\">\u00d6ffnungszeiten<\/span><\/strong><\/p>\r\n<h5><strong>Service Center \/ Gro\u00dfhandel<\/strong> Baustoffe-Fliesen-Farben Mo.-Fr.: 0<strong>7<\/strong>.00 bis 18.00 Uhr Samstag: 08.00 bis 13.00 Uhr<\/h5>\r\n<h5><strong>Gro\u00dfhandel-Bauelemente<\/strong> Mo.-Fr.: 08.00 bis 17.00 Uhr Samstag: 08.00 bis 13.00 Uhr<\/h5>\r\n<h5><strong>Ausstellung<\/strong> Mo.-Fr.: 09.00 bis 18.00 Uhr Samstag: 09.00 bis 14.00 Uhr<\/h5>\r\n<p>&nbsp;<\/p>            <\/div>\r\n    <\/div>\r\n\r\n\r\n\r\n            <\/div>\n<div id=\"accordions-517\" class=\"accordions-517 accordions\" data-accordions={&quot;lazyLoad&quot;:true,&quot;id&quot;:&quot;517&quot;,&quot;event&quot;:&quot;click&quot;,&quot;collapsible&quot;:&quot;true&quot;,&quot;heightStyle&quot;:&quot;content&quot;,&quot;animateStyle&quot;:&quot;swing&quot;,&quot;animateDelay&quot;:1000,&quot;navigation&quot;:true,&quot;active&quot;:999,&quot;expandedOther&quot;:&quot;no&quot;}>\r\n                <div id=\"accordions-lazy-517\" class=\"accordions-lazy\" accordionsId=\"517\">\r\n                    <\/div>\r\n\r\n    <div class=\"items\"  style=\"display:none\" >\r\n    \r\n            <div post_id=\"517\" itemcount=\"0\"  header_id=\"header-0\" id=\"header-0\" style=\"\" class=\"accordions-head head0 border-none\" toggle-text=\"\" main-text=\"M\u00fchl24\/ Kranichfeld Kontakt\">\r\n                                    <span id=\"accordion-icons-0\" class=\"accordion-icons\">\r\n                        <span class=\"accordion-icon-active accordion-plus\"><i class=\"fa fa-chevron-up\"><\/i><\/span>\r\n                        <span class=\"accordion-icon-inactive accordion-minus\"><i class=\"fa fa-chevron-down\"><\/i><\/span>\r\n                    <\/span>\r\n                    <span id=\"header-text-0\" class=\"accordions-head-title\">M\u00fchl24\/ Kranichfeld Kontakt<\/span>\r\n                            <\/div>\r\n            <div class=\"accordion-content content0 \">\r\n                <div>\n<h3><strong><span style=\"color: #354c9c;\">Anschrift M\u00fchl24 GmbH<\/span><\/strong><\/h3>\n<p><span style=\"color: #354c9c;\">Bahnhofstr. 15\u00a0<img loading=\"lazy\" decoding=\"async\" width=\"300\" height=\"129\" class=\"size-medium wp-image-449 alignright\" src=\"http:\/\/www.muehl24.info\/wp\/wp-content\/uploads\/2016\/11\/SliderFormat3-300x129.jpg\" alt=\"\" srcset=\"https:\/\/www.muehl.de\/hungen\/wp-content\/uploads\/2016\/11\/SliderFormat3-300x129.jpg 300w, https:\/\/www.muehl.de\/hungen\/wp-content\/uploads\/2016\/11\/SliderFormat3-768x329.jpg 768w, https:\/\/www.muehl.de\/hungen\/wp-content\/uploads\/2016\/11\/SliderFormat3-1024x439.jpg 1024w, https:\/\/www.muehl.de\/hungen\/wp-content\/uploads\/2016\/11\/SliderFormat3-800x343.jpg 800w, https:\/\/www.muehl.de\/hungen\/wp-content\/uploads\/2016\/11\/SliderFormat3.jpg 1200w\" sizes=\"auto, (max-width: 300px) 100vw, 300px\" \/><\/span><br \/>\n<span style=\"color: #354c9c;\">99448 Kranichfeld\u00a0<\/span><br \/>\n<span style=\"color: #354c9c;\">Telefon: 036450 33-0\u00a0<\/span><br \/>\n<span style=\"color: #354c9c;\">Fax: 036450 33-298\u00a0<\/span><br \/>\n<span style=\"color: #354c9c;\">E-Mail:\u00a0<a href=\"mailto:kranichfeld@muehl.de\">kranichfeld@muehl.de<\/a><\/span><\/p>\n<p><strong><a href=\"http:\/\/www.muehl.de\/hungen\/standort-kranichfeld\/\">\u2192 Standortseite\/ Ansprechpartner<\/a><\/strong><\/p>\n<\/div>\n<div>\n<h3 style=\"text-align: left;\"><strong><span style=\"color: #354c9c;\">\u00d6ffnungszeiten \u00a0 \u00a0 \u00a0 \u00a0 \u00a0 \u00a0 \u00a0 \u00a0 \u00a0 \u00a0 \u00a0 \u00a0 \u00a0 \u00a0 \u00a0 \u00a0 \u00a0 \u00a0 \u00a0 \u00a0 \u00a0 \u00a0 \u00a0 \u00a0 \u00a0 \u00a0 \u00a0 \u00a0 \u00a0 \u00a0 \u00a0 \u00a0\u00a0<\/span><\/strong><\/h3>\n<h4><strong><span style=\"color: #354c9c;\">Lager \/ Verkauf<\/span><\/strong><\/h4>\n<p><span style=\"color: #354c9c;\">Mo.-Fr.: 07.00 bis 12.00 Uhr\u00a0<\/span><br \/>\n<span style=\"color: #354c9c;\">Mo.-Fr.: 13.00 bis 17.00 Uhr\u00a0<\/span><\/p>\n<p><strong><span style=\"color: #354c9c;\">Ausstellung<\/span><\/strong><\/p>\n<p><span style=\"color: #354c9c;\">Mo.-Fr.: 07.00 bis 17.00 Uhr\u00a0<\/span><br \/>\n<span style=\"color: #354c9c;\">Sa.: 09.00 bis 12.30 Uhr<\/span><\/p>\n<h3><\/h3>\n<h4><\/h4>\n<\/div>\n            <\/div>\r\n    <\/div>\r\n\r\n\r\n\r\n            <\/div>\n<div id=\"accordions-519\" class=\"accordions-519 accordions\" data-accordions={&quot;lazyLoad&quot;:false,&quot;id&quot;:&quot;519&quot;,&quot;event&quot;:&quot;click&quot;,&quot;collapsible&quot;:&quot;true&quot;,&quot;heightStyle&quot;:&quot;content&quot;,&quot;animateStyle&quot;:&quot;swing&quot;,&quot;animateDelay&quot;:1000,&quot;navigation&quot;:true,&quot;active&quot;:999,&quot;expandedOther&quot;:&quot;no&quot;}>\r\n                <div class=\"items\" >\r\n    \r\n            <div post_id=\"519\" itemcount=\"0\"  header_id=\"header-0\" id=\"header-0\" style=\"\" class=\"accordions-head head0 border-none\" toggle-text=\"\" main-text=\"M\u00fchl24\/ Baubedarf Wetzlar Kontakt\">\r\n                                    <span id=\"accordion-icons-0\" class=\"accordion-icons\">\r\n                        <span class=\"accordion-icon-active accordion-plus\"><i class=\"fa fa-chevron-up\"><\/i><\/span>\r\n                        <span class=\"accordion-icon-inactive accordion-minus\"><i class=\"fa fa-chevron-down\"><\/i><\/span>\r\n                    <\/span>\r\n                    <span id=\"header-text-0\" class=\"accordions-head-title\">M\u00fchl24\/ Baubedarf Wetzlar Kontakt<\/span>\r\n                            <\/div>\r\n            <div class=\"accordion-content content0 \">\r\n                <p><span class=\"standart_grau_12px\" style=\"color: #354c9c;\"><strong>M\u00fchl24 Baubedarf GmbH<\/strong><\/span> <img loading=\"lazy\" decoding=\"async\" class=\"size-medium wp-image-477 alignright\" style=\"margin-top: 0.857143rem; margin-bottom: 0.857143rem; margin-left: 1.71429rem; color: #757575; font-size: 12px;\" src=\"http:\/\/www.muehl24.info\/wp\/wp-content\/uploads\/2016\/11\/18222601_643561575833711_4866914020161377245_n-300x169.jpg\" alt=\"\" width=\"300\" height=\"169\" srcset=\"https:\/\/www.muehl.de\/hungen\/wp-content\/uploads\/2016\/11\/18222601_643561575833711_4866914020161377245_n-300x169.jpg 300w, https:\/\/www.muehl.de\/hungen\/wp-content\/uploads\/2016\/11\/18222601_643561575833711_4866914020161377245_n-768x434.jpg 768w, https:\/\/www.muehl.de\/hungen\/wp-content\/uploads\/2016\/11\/18222601_643561575833711_4866914020161377245_n-800x452.jpg 800w, https:\/\/www.muehl.de\/hungen\/wp-content\/uploads\/2016\/11\/18222601_643561575833711_4866914020161377245_n.jpg 960w\" sizes=\"auto, (max-width: 300px) 100vw, 300px\" \/> <span style=\"color: #354c9c;\">Gabelsbergerstr. 33-45<\/span> <span style=\"color: #354c9c;\"> 35576 Wetzlar<\/span> <a href=\"http:\/\/www.muehl.de\/hungen\/standort-wetzlar\/\"><strong>\u2192 Standortseite\/<\/strong> <strong>Ansprechpartner<\/strong><\/a><\/p>\r\n<table style=\"height: 148px;\" border=\"0\" width=\"624\" cellspacing=\"0\" cellpadding=\"0\">\r\n<tbody>\r\n<tr>\r\n<td class=\"standart_grau_12px\" width=\"156\"><span style=\"color: #354c9c;\">Telefon:<\/span><\/td>\r\n<td class=\"standart_grau_12px\" width=\"166\"><span style=\"color: #354c9c;\">06441 \/ 37 77 - 0<\/span><\/td>\r\n<\/tr>\r\n<tr>\r\n<td class=\"standart_grau_12px\"><span style=\"color: #354c9c;\">Telefax:<\/span><\/td>\r\n<td class=\"standart_grau_12px\"><span style=\"color: #354c9c;\">06441 \/ 37 55 - 0<\/span><\/td>\r\n<\/tr>\r\n<tr>\r\n<td class=\"standart_grau_12px\">\u00a0<\/td>\r\n<td class=\"standart_grau_12px\"><span style=\"color: #354c9c;\">\u00a0<\/span><\/td>\r\n<\/tr>\r\n<tr>\r\n<td class=\"standart_grau_12px\"><span style=\"color: #354c9c;\">E-Mail<\/span><\/td>\r\n<td class=\"standart_grau_12px\"><span style=\"color: #354c9c;\">info@baubedarf.com<\/span><\/td>\r\n<\/tr>\r\n<\/tbody>\r\n<\/table>\r\n<h3>\u00a0<\/h3>\r\n<h3><strong><span style=\"color: #354c9c;\">\u00d6ffnungszeiten:<\/span><\/strong><\/h3>\r\n<p><span style=\"color: #354c9c;\">Mo-Fr \u00a007.00 - 17.00 Uhr<\/span> <span style=\"color: #354c9c;\">Sa \u00a0 \u00a0 \u00a0 07.00 - 12.00 Uhr<\/span> <span style=\"color: #354c9c;\"><strong>Bad- und Fliesenausstellung<\/strong><\/span> <span style=\"color: #354c9c;\">Mo-Fr. 07.00 - 18.00 Uhr<\/span> <span style=\"color: #354c9c;\">Sa \u00a0 \u00a0 \u00a0 09.00 - 13.00 Uhr<\/span> <span class=\"standart_blau_12px\" style=\"color: #354c9c;\"><strong>Durchwahlen:<\/strong><\/span> \u00a0<\/p>\r\n<table border=\"0\" width=\"321\" cellspacing=\"0\" cellpadding=\"0\">\r\n<tbody>\r\n<tr>\r\n<td class=\"standart_grau_12px\" width=\"115\"><span style=\"color: #354c9c;\">Baustoffe<\/span><\/td>\r\n<td class=\"standart_grau_12px\" width=\"122\"><span style=\"color: #354c9c;\">06441 \/ 37 77\u00a0<strong>90<\/strong><\/span><\/td>\r\n<\/tr>\r\n<tr>\r\n<td class=\"standart_grau_12px\">\u00a0<\/td>\r\n<td class=\"standart_grau_12px\">\u00a0<\/td>\r\n<\/tr>\r\n<tr>\r\n<td class=\"standart_grau_12px\">\u00a0<\/td>\r\n<td class=\"standart_grau_12px\">\u00a0<\/td>\r\n<\/tr>\r\n<tr>\r\n<td class=\"standart_grau_12px\"><span style=\"color: #354c9c;\">Bauelemente<\/span><\/td>\r\n<td class=\"standart_grau_12px\"><span style=\"color: #354c9c;\">06441 \/ 37 77\u00a0<strong>98<\/strong><\/span><\/td>\r\n<\/tr>\r\n<tr>\r\n<td class=\"standart_grau_12px\"><span style=\"color: #354c9c;\">Tiefbau<\/span><\/td>\r\n<td class=\"standart_grau_12px\"><span style=\"color: #354c9c;\">06441 \/ 37 77\u00a0<strong>95<\/strong><\/span><\/td>\r\n<\/tr>\r\n<tr>\r\n<td class=\"standart_grau_12px\">\u00a0<\/td>\r\n<td class=\"standart_grau_12px\">\u00a0<\/td>\r\n<\/tr>\r\n<tr>\r\n<td class=\"standart_grau_12px\">\u00a0<\/td>\r\n<td class=\"standart_grau_12px\">\u00a0<\/td>\r\n<\/tr>\r\n<\/tbody>\r\n<\/table>            <\/div>\r\n    <\/div>\r\n\r\n\r\n\r\n            <\/div>\n<div><\/div>\n","protected":false},"excerpt":{"rendered":"<p>Anschrift und \u00d6ffnungszeiten Auf einer Gesamtfl\u00e4che von 75.000m\u00b2 in Hungen sowie rund 45.000m\u00b2 in Kranichfeld und 32.000m\u00b2 in Wetzlar erwarten Sie unsere gro\u00dfe Bauausstellung und das Service Center mit modernem Lager- und Logistikzentrum damit sind wir f\u00fcr alle Ihre W\u00fcnsche gut ger\u00fcstet. M24 GmbH Hungen Gie\u00dfener Stra\u00dfe 42 35410 Hungen Telefon: 06402 5200-0 Telefax: 06402 5200-299 E-Mail: hungen@muehl.de Internet: www.muehl.de\/hungen<\/p>\n<p><a class=\"more-link\" href=\"https:\/\/www.muehl.de\/hungen\/standorte\/\">Weiterlesen<\/a><\/p>\n","protected":false},"author":4,"featured_media":0,"parent":0,"menu_order":0,"comment_status":"closed","ping_status":"closed","template":"","meta":{"footnotes":""},"class_list":["post-261","page","type-page","status-publish","hentry"],"_links":{"self":[{"href":"https:\/\/www.muehl.de\/hungen\/wp-json\/wp\/v2\/pages\/261","targetHints":{"allow":["GET"]}}],"collection":[{"href":"https:\/\/www.muehl.de\/hungen\/wp-json\/wp\/v2\/pages"}],"about":[{"href":"https:\/\/www.muehl.de\/hungen\/wp-json\/wp\/v2\/types\/page"}],"author":[{"embeddable":true,"href":"https:\/\/www.muehl.de\/hungen\/wp-json\/wp\/v2\/users\/4"}],"replies":[{"embeddable":true,"href":"https:\/\/www.muehl.de\/hungen\/wp-json\/wp\/v2\/comments?post=261"}],"version-history":[{"count":26,"href":"https:\/\/www.muehl.de\/hungen\/wp-json\/wp\/v2\/pages\/261\/revisions"}],"predecessor-version":[{"id":2676,"href":"https:\/\/www.muehl.de\/hungen\/wp-json\/wp\/v2\/pages\/261\/revisions\/2676"}],"wp:attachment":[{"href":"https:\/\/www.muehl.de\/hungen\/wp-json\/wp\/v2\/media?parent=261"}],"curies":[{"name":"wp","href":"https:\/\/api.w.org\/{rel}","templated":true}]}}