{"id":42,"date":"2016-11-28T11:57:00","date_gmt":"2016-11-28T10:57:00","guid":{"rendered":"http:\/\/www.muehl24.info\/wp\/?page_id=42"},"modified":"2017-03-29T11:34:52","modified_gmt":"2017-03-29T09:34:52","slug":"produkt-service","status":"publish","type":"page","link":"https:\/\/www.muehl.de\/hungen\/produkt-service\/","title":{"rendered":"Produkt &#038; Service"},"content":{"rendered":"<h2>Mit M\u00fchl immer rundum bestens betreut<\/h2>\n<p>Wir, M\u00fchl Product &amp; Service, verstehen uns als Bindeglied zwischen Industrie, Architekt, Handwerk und dem Bauherren oder Renovierer. Unser Komplettservice umfasst von der qualifizierten Beratung bis zur termingerechten Lieferung alles, was Sie von einem modernen und innovativen Partner erwarten.<\/p>\n<p>Profitieren Sie von unseren Zusatzleistungen im Produkt- und Servicemanagement sowie von unser Objektberatung. Nutzen Sie unser Angebot an Produktschulungen und Anwendungsseminaren.<\/p>\n<div><img decoding=\"async\" src=\"http:\/\/www.muehl.de\/wps\/wse_pics\/intranet\/pics_54\/s\/t\/Collage2.png\" alt=\"\" width=\"460\" \/><\/div>\n<p>&nbsp;<\/p>\n<h2>Das Beste ist gerade gut genug<\/h2>\n<p>Qualit\u00e4t und Service, daf\u00fcr steht M\u00fchl Product &amp; Service. Darum f\u00fchren wir ausschlie\u00dflich Qualit\u00e4tsbaustoffe von renommierten Herstellern und Lieferanten wie z. B. Baumit, Saint Gobain Weber, Wienerberger, Xella und H\u00f6rmann.<\/p>\n","protected":false},"excerpt":{"rendered":"<p>Mit M\u00fchl immer rundum bestens betreut Wir, M\u00fchl Product &amp; Service, verstehen uns als Bindeglied zwischen Industrie, Architekt, Handwerk und dem Bauherren oder Renovierer. Unser Komplettservice umfasst von der qualifizierten Beratung bis zur termingerechten Lieferung alles, was Sie von einem modernen und innovativen Partner erwarten. Profitieren Sie von unseren Zusatzleistungen im Produkt- und Servicemanagement sowie von unser Objektberatung. Nutzen Sie<\/p>\n<p><a class=\"more-link\" href=\"https:\/\/www.muehl.de\/hungen\/produkt-service\/\">Weiterlesen<\/a><\/p>\n","protected":false},"author":1,"featured_media":138,"parent":0,"menu_order":0,"comment_status":"closed","ping_status":"closed","template":"","meta":{"footnotes":""},"class_list":["post-42","page","type-page","status-publish","has-post-thumbnail","hentry"],"_links":{"self":[{"href":"https:\/\/www.muehl.de\/hungen\/wp-json\/wp\/v2\/pages\/42","targetHints":{"allow":["GET"]}}],"collection":[{"href":"https:\/\/www.muehl.de\/hungen\/wp-json\/wp\/v2\/pages"}],"about":[{"href":"https:\/\/www.muehl.de\/hungen\/wp-json\/wp\/v2\/types\/page"}],"author":[{"embeddable":true,"href":"https:\/\/www.muehl.de\/hungen\/wp-json\/wp\/v2\/users\/1"}],"replies":[{"embeddable":true,"href":"https:\/\/www.muehl.de\/hungen\/wp-json\/wp\/v2\/comments?post=42"}],"version-history":[{"count":1,"href":"https:\/\/www.muehl.de\/hungen\/wp-json\/wp\/v2\/pages\/42\/revisions"}],"predecessor-version":[{"id":43,"href":"https:\/\/www.muehl.de\/hungen\/wp-json\/wp\/v2\/pages\/42\/revisions\/43"}],"wp:featuredmedia":[{"embeddable":true,"href":"https:\/\/www.muehl.de\/hungen\/wp-json\/wp\/v2\/media\/138"}],"wp:attachment":[{"href":"https:\/\/www.muehl.de\/hungen\/wp-json\/wp\/v2\/media?parent=42"}],"curies":[{"name":"wp","href":"https:\/\/api.w.org\/{rel}","templated":true}]}}