{"id":44,"date":"2016-11-28T11:57:27","date_gmt":"2016-11-28T10:57:27","guid":{"rendered":"http:\/\/www.muehl24.info\/wp\/?page_id=44"},"modified":"2025-04-11T15:12:59","modified_gmt":"2025-04-11T13:12:59","slug":"hoch-tiefbau","status":"publish","type":"page","link":"https:\/\/www.muehl.de\/hungen\/hoch-tiefbau\/","title":{"rendered":"Hoch-\/Tiefbau"},"content":{"rendered":"<p>Sie suchen einen starken Partner f\u00fcr Ihr Bauvorhaben?<\/p>\n<p>Ob Einfamilienhaus oder umfangreiches Gro\u00dfprojekt, ob Neubau oder Erweiterung: machen Sie keine halben Sachen bei Ihrem Bauvorhaben.<\/p>\n<p>Bauen Sie mit M\u00fchl, denn mit uns kommen Sie hoch hinaus!<\/p>\n<p>Unsere Spezialisten aus dem Fachbereich Hoch-\/Tiefbau liefern Ihnen:<\/p>\n<ul>\n<li>Mauerwerkssysteme<\/li>\n<li>Wand- und Deckensysteme<\/li>\n<li>Beton- und Baustahl<\/li>\n<li>Entw\u00e4sserungs- und Zisternensysteme<\/li>\n<li>Betonwaren und Betonpflaster<\/li>\n<li>Sch\u00fcttg\u00fcter<\/li>\n<li>Bauzubeh\u00f6r und Bautechnik<\/li>\n<\/ul>\n<p><img loading=\"lazy\" decoding=\"async\" class=\"alignnone  wp-image-1304\" src=\"http:\/\/www.muehl24.info\/wp\/wp-content\/uploads\/2016\/11\/14188402_1678144902512993_8427578787055943419_o.jpg\" alt=\"\" width=\"400\" height=\"300\" srcset=\"https:\/\/www.muehl.de\/hungen\/wp-content\/uploads\/2016\/11\/14188402_1678144902512993_8427578787055943419_o.jpg 1600w, https:\/\/www.muehl.de\/hungen\/wp-content\/uploads\/2016\/11\/14188402_1678144902512993_8427578787055943419_o-300x225.jpg 300w, https:\/\/www.muehl.de\/hungen\/wp-content\/uploads\/2016\/11\/14188402_1678144902512993_8427578787055943419_o-768x576.jpg 768w, https:\/\/www.muehl.de\/hungen\/wp-content\/uploads\/2016\/11\/14188402_1678144902512993_8427578787055943419_o-1024x768.jpg 1024w, https:\/\/www.muehl.de\/hungen\/wp-content\/uploads\/2016\/11\/14188402_1678144902512993_8427578787055943419_o-800x600.jpg 800w, https:\/\/www.muehl.de\/hungen\/wp-content\/uploads\/2016\/11\/14188402_1678144902512993_8427578787055943419_o-400x300.jpg 400w\" sizes=\"auto, (max-width: 400px) 100vw, 400px\" \/><\/p>\n","protected":false},"excerpt":{"rendered":"<p>Sie suchen einen starken Partner f\u00fcr Ihr Bauvorhaben? Ob Einfamilienhaus oder umfangreiches Gro\u00dfprojekt, ob Neubau oder Erweiterung: machen Sie keine halben Sachen bei Ihrem Bauvorhaben. Bauen Sie mit M\u00fchl, denn mit uns kommen Sie hoch hinaus! Unsere Spezialisten aus dem Fachbereich Hoch-\/Tiefbau liefern Ihnen: Mauerwerkssysteme Wand- und Deckensysteme Beton- und Baustahl Entw\u00e4sserungs- und Zisternensysteme Betonwaren und Betonpflaster Sch\u00fcttg\u00fcter Bauzubeh\u00f6r und<\/p>\n<p><a class=\"more-link\" href=\"https:\/\/www.muehl.de\/hungen\/hoch-tiefbau\/\">Weiterlesen<\/a><\/p>\n","protected":false},"author":1,"featured_media":143,"parent":0,"menu_order":0,"comment_status":"closed","ping_status":"closed","template":"","meta":{"footnotes":""},"class_list":["post-44","page","type-page","status-publish","has-post-thumbnail","hentry"],"_links":{"self":[{"href":"https:\/\/www.muehl.de\/hungen\/wp-json\/wp\/v2\/pages\/44","targetHints":{"allow":["GET"]}}],"collection":[{"href":"https:\/\/www.muehl.de\/hungen\/wp-json\/wp\/v2\/pages"}],"about":[{"href":"https:\/\/www.muehl.de\/hungen\/wp-json\/wp\/v2\/types\/page"}],"author":[{"embeddable":true,"href":"https:\/\/www.muehl.de\/hungen\/wp-json\/wp\/v2\/users\/1"}],"replies":[{"embeddable":true,"href":"https:\/\/www.muehl.de\/hungen\/wp-json\/wp\/v2\/comments?post=44"}],"version-history":[{"count":3,"href":"https:\/\/www.muehl.de\/hungen\/wp-json\/wp\/v2\/pages\/44\/revisions"}],"predecessor-version":[{"id":2756,"href":"https:\/\/www.muehl.de\/hungen\/wp-json\/wp\/v2\/pages\/44\/revisions\/2756"}],"wp:featuredmedia":[{"embeddable":true,"href":"https:\/\/www.muehl.de\/hungen\/wp-json\/wp\/v2\/media\/143"}],"wp:attachment":[{"href":"https:\/\/www.muehl.de\/hungen\/wp-json\/wp\/v2\/media?parent=44"}],"curies":[{"name":"wp","href":"https:\/\/api.w.org\/{rel}","templated":true}]}}