{"id":48,"date":"2016-11-28T11:58:47","date_gmt":"2016-11-28T10:58:47","guid":{"rendered":"http:\/\/www.muehl24.info\/wp\/?page_id=48"},"modified":"2018-03-28T08:33:30","modified_gmt":"2018-03-28T06:33:30","slug":"tueren-welt","status":"publish","type":"page","link":"https:\/\/www.muehl.de\/hungen\/tueren-welt\/","title":{"rendered":"T\u00fcren-Welt"},"content":{"rendered":"<div id=\"wpstemplatetitel\">\n<h1>T\u00fcren-Welt in Hungen<\/h1>\n<\/div>\n<div id=\"wpstemplatecontent\">\n<div id=\"statischerContent\">\n<div class=\"zweis static oe_home_contentelement oe_home_contentelement_textonly oe_home_contentelement_nr_3405 oe_home_contentelement_sequenz_1\">\n<div class=\"staticText\">\n<h2><\/h2>\n<h2>Funktionalit\u00e4t und Komfort,<br \/>\nSicherheit und \u00c4sthetik f\u00fcr Ihr Zuhause<\/h2>\n<p>Ob edle Holzdecken, erlesene Bodenbel\u00e4ge oder exklusive T\u00fcren: Erleben Sie Wohnkultur in ihrer sch\u00f6nsten Form.<\/p>\n<div><img loading=\"lazy\" decoding=\"async\" src=\"http:\/\/www.muehl.de\/wps\/wse_pics\/intranet\/pics_54\/r\/j\/hpv-t6.JPG\" alt=\"\" width=\"460\" height=\"306\" \/><\/div>\n<div>\n<p>&#8211; Erleben Sie Funktionalit\u00e4t und Komfort &#8211;<\/p>\n<\/div>\n<div>\n<p><img loading=\"lazy\" decoding=\"async\" src=\"http:\/\/www.muehl.de\/wps\/wse_pics\/intranet\/pics_54\/j\/2\/hpv-IMG_9561.JPG\" alt=\"\" width=\"460\" height=\"306\" \/><\/p>\n<\/div>\n<div><img decoding=\"async\" src=\"http:\/\/www.muehl.de\/wps\/wse_pics\/intranet\/pics_54\/h\/i\/Ausstellung_T_ren_1_klein.JPG\" alt=\"\" width=\"460\" \/><\/div>\n<p>Unsere Spezialisten aus dem Fachbereich Bauelemente beraten Sie in unserer Ausstellung zu:<\/p>\n<ul>\n<li>T\u00fcren und Zargen<\/li>\n<li>Glast\u00fcren<\/li>\n<li>Funktionst\u00fcren aller Art<\/li>\n<li>Haust\u00fcren<\/li>\n<li>Dr\u00fcckergarnituren &#8211; Beschl\u00e4gen<\/li>\n<li>Wand- und Deckenvert\u00e4felungen<\/li>\n<li>Parkett &#8211; Laminatb\u00f6den<\/li>\n<li>Bodentreppen<\/li>\n<li>Garagentoren und Antrieben<\/li>\n<\/ul>\n<p><a href=\"http:\/\/www.muehl24.info\/wp\/wp-content\/uploads\/2016\/11\/Garagen-Sectionaltore_85184_DE.pdf\">Garagen-Sectionaltore_85184_DE<\/a><\/p>\n<\/div>\n<\/div>\n<\/div>\n<\/div>\n<p><iframe loading=\"lazy\" style=\"border: 0;\" src=\"https:\/\/www.google.com\/maps\/embed?pb=!4v1522058803834!6m8!1m7!1sCAoSLEFGMVFpcE93UDNrd2Z2ZTNwb1pCbkczVGxBOFhVX2pmaUNOVmVHcDdzdkZy!2m2!1d50.477165198613875!2d8.885978090210653!3f0!4f0!5f0.7820865974627469\" width=\"900\" height=\"600\" frameborder=\"0\" allowfullscreen=\"allowfullscreen\"><\/iframe><\/p>\n","protected":false},"excerpt":{"rendered":"<p>T\u00fcren-Welt in Hungen Funktionalit\u00e4t und Komfort, Sicherheit und \u00c4sthetik f\u00fcr Ihr Zuhause Ob edle Holzdecken, erlesene Bodenbel\u00e4ge oder exklusive T\u00fcren: Erleben Sie Wohnkultur in ihrer sch\u00f6nsten Form. &#8211; Erleben Sie Funktionalit\u00e4t und Komfort &#8211; Unsere Spezialisten aus dem Fachbereich Bauelemente beraten Sie in unserer Ausstellung zu: T\u00fcren und Zargen Glast\u00fcren Funktionst\u00fcren aller Art Haust\u00fcren Dr\u00fcckergarnituren &#8211; Beschl\u00e4gen Wand- und Deckenvert\u00e4felungen<\/p>\n<p><a class=\"more-link\" href=\"https:\/\/www.muehl.de\/hungen\/tueren-welt\/\">Weiterlesen<\/a><\/p>\n","protected":false},"author":1,"featured_media":0,"parent":0,"menu_order":0,"comment_status":"closed","ping_status":"closed","template":"","meta":{"footnotes":""},"class_list":["post-48","page","type-page","status-publish","hentry"],"_links":{"self":[{"href":"https:\/\/www.muehl.de\/hungen\/wp-json\/wp\/v2\/pages\/48","targetHints":{"allow":["GET"]}}],"collection":[{"href":"https:\/\/www.muehl.de\/hungen\/wp-json\/wp\/v2\/pages"}],"about":[{"href":"https:\/\/www.muehl.de\/hungen\/wp-json\/wp\/v2\/types\/page"}],"author":[{"embeddable":true,"href":"https:\/\/www.muehl.de\/hungen\/wp-json\/wp\/v2\/users\/1"}],"replies":[{"embeddable":true,"href":"https:\/\/www.muehl.de\/hungen\/wp-json\/wp\/v2\/comments?post=48"}],"version-history":[{"count":5,"href":"https:\/\/www.muehl.de\/hungen\/wp-json\/wp\/v2\/pages\/48\/revisions"}],"predecessor-version":[{"id":1888,"href":"https:\/\/www.muehl.de\/hungen\/wp-json\/wp\/v2\/pages\/48\/revisions\/1888"}],"wp:attachment":[{"href":"https:\/\/www.muehl.de\/hungen\/wp-json\/wp\/v2\/media?parent=48"}],"curies":[{"name":"wp","href":"https:\/\/api.w.org\/{rel}","templated":true}]}}