{"id":52,"date":"2016-11-28T12:00:42","date_gmt":"2016-11-28T11:00:42","guid":{"rendered":"http:\/\/www.muehl24.info\/wp\/?page_id=52"},"modified":"2018-01-22T15:35:40","modified_gmt":"2018-01-22T14:35:40","slug":"fliesen","status":"publish","type":"page","link":"https:\/\/www.muehl.de\/hungen\/fliesen\/","title":{"rendered":"Fliesen"},"content":{"rendered":"<div id=\"wpstemplatetitel\">\n<h1>Fliesen-Welt in Hungen<\/h1>\n<\/div>\n<div id=\"wpstemplatecontent\">\n<div id=\"statischerContent\">\n<div class=\"zweis static oe_home_contentelement oe_home_contentelement_textonly oe_home_contentelement_nr_3407 oe_home_contentelement_sequenz_1\">\n<div class=\"staticText\">\n\n<p>M\u00f6gen Sie es exklusiv und ausgefallen? Kein Problem! Wir sind die Spezialisten f\u00fcr individuelle Bad- und Wohnraumgestaltung und zeigen Ihnen, wie moderne Wand- und Bodenbel\u00e4ge aussehen k\u00f6nnen. Auch unser Angebot f\u00fcr Fliesen und Platten im Au\u00dfenbereich l\u00e4sst keine W\u00fcnsche offen.<\/p>\n<\/div>\n<\/div>\n<div><\/div>\n<div class=\"zweis static oe_home_contentelement oe_home_contentelement_textonly oe_home_contentelement_nr_3408 oe_home_contentelement_sequenz_2\">\n<div class=\"staticText\">\n<div>\n<p><img loading=\"lazy\" decoding=\"async\" class=\"alignnone size-large wp-image-1752\" src=\"http:\/\/www.muehl.de\/hungen\/wp-content\/uploads\/2017\/07\/M\u00fchl24-Hungen-Fliesen-1024x768.jpg\" alt=\"\" width=\"1024\" height=\"768\" srcset=\"https:\/\/www.muehl.de\/hungen\/wp-content\/uploads\/2017\/07\/M\u00fchl24-Hungen-Fliesen-1024x768.jpg 1024w, https:\/\/www.muehl.de\/hungen\/wp-content\/uploads\/2017\/07\/M\u00fchl24-Hungen-Fliesen-300x225.jpg 300w, https:\/\/www.muehl.de\/hungen\/wp-content\/uploads\/2017\/07\/M\u00fchl24-Hungen-Fliesen-768x576.jpg 768w, https:\/\/www.muehl.de\/hungen\/wp-content\/uploads\/2017\/07\/M\u00fchl24-Hungen-Fliesen-800x600.jpg 800w, https:\/\/www.muehl.de\/hungen\/wp-content\/uploads\/2017\/07\/M\u00fchl24-Hungen-Fliesen-400x300.jpg 400w, https:\/\/www.muehl.de\/hungen\/wp-content\/uploads\/2017\/07\/M\u00fchl24-Hungen-Fliesen.jpg 1053w\" sizes=\"auto, (max-width: 1024px) 100vw, 1024px\" \/><\/p>\n<\/div>\n<\/div>\n<\/div>\n<\/div>\n<\/div>\n","protected":false},"excerpt":{"rendered":"<p>Fliesen-Welt in Hungen M\u00f6gen Sie es exklusiv und ausgefallen? Kein Problem! Wir sind die Spezialisten f\u00fcr individuelle Bad- und Wohnraumgestaltung und zeigen Ihnen, wie moderne Wand- und Bodenbel\u00e4ge aussehen k\u00f6nnen. Auch unser Angebot f\u00fcr Fliesen und Platten im Au\u00dfenbereich l\u00e4sst keine W\u00fcnsche offen.<\/p>\n","protected":false},"author":1,"featured_media":0,"parent":0,"menu_order":0,"comment_status":"closed","ping_status":"closed","template":"","meta":{"footnotes":""},"class_list":["post-52","page","type-page","status-publish","hentry"],"_links":{"self":[{"href":"https:\/\/www.muehl.de\/hungen\/wp-json\/wp\/v2\/pages\/52","targetHints":{"allow":["GET"]}}],"collection":[{"href":"https:\/\/www.muehl.de\/hungen\/wp-json\/wp\/v2\/pages"}],"about":[{"href":"https:\/\/www.muehl.de\/hungen\/wp-json\/wp\/v2\/types\/page"}],"author":[{"embeddable":true,"href":"https:\/\/www.muehl.de\/hungen\/wp-json\/wp\/v2\/users\/1"}],"replies":[{"embeddable":true,"href":"https:\/\/www.muehl.de\/hungen\/wp-json\/wp\/v2\/comments?post=52"}],"version-history":[{"count":5,"href":"https:\/\/www.muehl.de\/hungen\/wp-json\/wp\/v2\/pages\/52\/revisions"}],"predecessor-version":[{"id":1768,"href":"https:\/\/www.muehl.de\/hungen\/wp-json\/wp\/v2\/pages\/52\/revisions\/1768"}],"wp:attachment":[{"href":"https:\/\/www.muehl.de\/hungen\/wp-json\/wp\/v2\/media?parent=52"}],"curies":[{"name":"wp","href":"https:\/\/api.w.org\/{rel}","templated":true}]}}