{"id":634,"date":"2017-07-25T11:51:46","date_gmt":"2017-07-25T09:51:46","guid":{"rendered":"http:\/\/www.muehl24.info\/wp\/?page_id=634"},"modified":"2018-01-15T11:55:11","modified_gmt":"2018-01-15T10:55:11","slug":"heizung-sanitaer","status":"publish","type":"page","link":"https:\/\/www.muehl.de\/hungen\/heizung-sanitaer\/","title":{"rendered":"Fliesen &#038; Sanit\u00e4r"},"content":{"rendered":"<div id=\"wpstemplatetitel\">\n<h1>Bad- &amp; Sanit\u00e4r-Welt in Hungen<\/h1>\n<\/div>\n<div id=\"wpstemplatecontent\">\n<div id=\"statischerContent\">\n<div class=\"zweis static oe_home_contentelement oe_home_contentelement_textonly oe_home_contentelement_nr_3403 oe_home_contentelement_sequenz_1\">\n<div class=\"staticText\">\n<p>G\u00f6nnen Sie sich etwas &#8211; beleben Sie Ihr Bad!<\/p>\n\n<p>Bei M\u00fchl erhalten Sie alles, was Sie f\u00fcr Ihr Wunsch-Bad ben\u00f6tigen &#8211; und als kostenlosen Service: eine kompetente Beratung in unserer Ausstellung.<\/p>\n<div>\n<p><img loading=\"lazy\" decoding=\"async\" src=\"http:\/\/www.muehl.de\/wps\/wse_pics\/intranet\/pics_54\/a\/m\/hpv-SF2.JPG\" alt=\"\" width=\"460\" height=\"306\" \/><img loading=\"lazy\" decoding=\"async\" class=\"alignnone size-large wp-image-1752\" src=\"http:\/\/www.muehl.de\/hungen\/wp-content\/uploads\/2017\/07\/M\u00fchl24-Hungen-Fliesen-1024x768.jpg\" alt=\"\" width=\"1024\" height=\"768\" srcset=\"https:\/\/www.muehl.de\/hungen\/wp-content\/uploads\/2017\/07\/M\u00fchl24-Hungen-Fliesen-1024x768.jpg 1024w, https:\/\/www.muehl.de\/hungen\/wp-content\/uploads\/2017\/07\/M\u00fchl24-Hungen-Fliesen-300x225.jpg 300w, https:\/\/www.muehl.de\/hungen\/wp-content\/uploads\/2017\/07\/M\u00fchl24-Hungen-Fliesen-768x576.jpg 768w, https:\/\/www.muehl.de\/hungen\/wp-content\/uploads\/2017\/07\/M\u00fchl24-Hungen-Fliesen-800x600.jpg 800w, https:\/\/www.muehl.de\/hungen\/wp-content\/uploads\/2017\/07\/M\u00fchl24-Hungen-Fliesen-400x300.jpg 400w, https:\/\/www.muehl.de\/hungen\/wp-content\/uploads\/2017\/07\/M\u00fchl24-Hungen-Fliesen.jpg 1053w\" sizes=\"auto, (max-width: 1024px) 100vw, 1024px\" \/><\/p>\n<\/div>\n<div>\n<p><img decoding=\"async\" src=\"http:\/\/www.muehl.de\/wps\/wse_pics\/intranet\/pics_54\/h\/q\/Ausstellung_Sanit_r_2.jpg\" alt=\"\" width=\"460\" \/><\/p>\n<\/div>\n<h2><strong>Alles rund ums Bad &#8211; aus einer Hand<\/strong><\/h2>\n<p>Wir zeigen und liefern Ihnen u. a.:<\/p>\n<ul>\n<li>Hochschr\u00e4nke<\/li>\n<li>Unterschr\u00e4nke<\/li>\n<li>Waschtische<\/li>\n<li>Spiegel und Spiegelschr\u00e4nke<\/li>\n<li>Badewannen und Duschen<\/li>\n<li>Armaturen und Brausen<\/li>\n<li>Sanit\u00e4rtechnik, WC-Becken und WC-Sitze<\/li>\n<\/ul>\n<div><img loading=\"lazy\" decoding=\"async\" src=\"http:\/\/www.muehl.de\/wps\/wse_pics\/intranet\/pics_54\/5\/u\/Sanit_r_Welt2.jpg\" alt=\"\" width=\"460\" height=\"308\" \/><\/div>\n<p>Ihr Vorteil:<br \/>\nIn unserer gro\u00dfen Ausstellung rund ums Bad k\u00f6nnen Sie sich selbst ein Bild von Ihrer neuen Bad-Einrichtung machen.<\/p>\n<\/div>\n<\/div>\n<div><img loading=\"lazy\" decoding=\"async\" class=\"alignnone size-full wp-image-1756\" src=\"http:\/\/www.muehl.de\/hungen\/wp-content\/uploads\/2017\/07\/M\u00fchl24-Hungen-Sanit\u00e4r.jpg\" alt=\"\" width=\"400\" height=\"266\" srcset=\"https:\/\/www.muehl.de\/hungen\/wp-content\/uploads\/2017\/07\/M\u00fchl24-Hungen-Sanit\u00e4r.jpg 400w, https:\/\/www.muehl.de\/hungen\/wp-content\/uploads\/2017\/07\/M\u00fchl24-Hungen-Sanit\u00e4r-300x200.jpg 300w\" sizes=\"auto, (max-width: 400px) 100vw, 400px\" \/><\/div>\n<div><\/div>\n<div class=\"zweis static oe_home_contentelement oe_home_contentelement_textonly oe_home_contentelement_nr_3760 oe_home_contentelement_sequenz_3\">\n<div class=\"staticText\">\n<p>Unsere Ansprechpartner f\u00fcr den Bereich Bad und Sanit\u00e4r am Standort Hungen:<\/p>\n<ul>\n<li><a href=\"http:\/\/www.muehl.de\/hungen\/standort-hungen\/\">Einzelhandel\/Privatkunden<\/a><\/li>\n<\/ul>\n<\/div>\n<\/div>\n<\/div>\n<\/div>\n","protected":false},"excerpt":{"rendered":"<p>Bad- &amp; Sanit\u00e4r-Welt in Hungen G\u00f6nnen Sie sich etwas &#8211; beleben Sie Ihr Bad! Bei M\u00fchl erhalten Sie alles, was Sie f\u00fcr Ihr Wunsch-Bad ben\u00f6tigen &#8211; und als kostenlosen Service: eine kompetente Beratung in unserer Ausstellung. Alles rund ums Bad &#8211; aus einer Hand Wir zeigen und liefern Ihnen u. a.: Hochschr\u00e4nke Unterschr\u00e4nke Waschtische Spiegel und Spiegelschr\u00e4nke Badewannen und Duschen<\/p>\n<p><a class=\"more-link\" href=\"https:\/\/www.muehl.de\/hungen\/heizung-sanitaer\/\">Weiterlesen<\/a><\/p>\n","protected":false},"author":4,"featured_media":0,"parent":0,"menu_order":0,"comment_status":"closed","ping_status":"closed","template":"","meta":{"footnotes":""},"class_list":["post-634","page","type-page","status-publish","hentry"],"_links":{"self":[{"href":"https:\/\/www.muehl.de\/hungen\/wp-json\/wp\/v2\/pages\/634","targetHints":{"allow":["GET"]}}],"collection":[{"href":"https:\/\/www.muehl.de\/hungen\/wp-json\/wp\/v2\/pages"}],"about":[{"href":"https:\/\/www.muehl.de\/hungen\/wp-json\/wp\/v2\/types\/page"}],"author":[{"embeddable":true,"href":"https:\/\/www.muehl.de\/hungen\/wp-json\/wp\/v2\/users\/4"}],"replies":[{"embeddable":true,"href":"https:\/\/www.muehl.de\/hungen\/wp-json\/wp\/v2\/comments?post=634"}],"version-history":[{"count":6,"href":"https:\/\/www.muehl.de\/hungen\/wp-json\/wp\/v2\/pages\/634\/revisions"}],"predecessor-version":[{"id":1759,"href":"https:\/\/www.muehl.de\/hungen\/wp-json\/wp\/v2\/pages\/634\/revisions\/1759"}],"wp:attachment":[{"href":"https:\/\/www.muehl.de\/hungen\/wp-json\/wp\/v2\/media?parent=634"}],"curies":[{"name":"wp","href":"https:\/\/api.w.org\/{rel}","templated":true}]}}