{"id":640,"date":"2017-07-25T11:53:43","date_gmt":"2017-07-25T09:53:43","guid":{"rendered":"http:\/\/www.muehl24.info\/wp\/?page_id=640"},"modified":"2018-03-28T10:25:35","modified_gmt":"2018-03-28T08:25:35","slug":"trockenbau","status":"publish","type":"page","link":"https:\/\/www.muehl.de\/hungen\/trockenbau\/","title":{"rendered":"Trockenbau"},"content":{"rendered":"<div id=\"wpstemplatetitel\">\n<h1>Putz &amp; Trockenbau<\/h1>\n\n<\/div>\n<div id=\"wpstemplatecontent\">\n<div id=\"statischerContent\">\n<div class=\"zweis static oe_home_contentelement oe_home_contentelement_textonly oe_home_contentelement_nr_3323 oe_home_contentelement_sequenz_1\">\n<div class=\"staticText\">Sie suchen einen starken Partner f\u00fcr Putz und Trockenbau?<br \/>\nDann vertrauen Sie auch hier auf M\u00fchl Product &amp; Service. Unsere Ausstellung enth\u00e4lt eine Vielzahl von Anwendungsbeispielen f\u00fcr individuelles Wohnen und unsere Fachberater unterst\u00fctzen Sie gerne bei der richtigen Auswahl von Materialien und Produkten.<\/div>\n<div><\/div>\n<div><\/div>\n<div><\/div>\n<div class=\"staticText\"><img loading=\"lazy\" decoding=\"async\" class=\"alignnone wp-image-1461\" src=\"http:\/\/www.muehl.de\/hungen\/wp-content\/uploads\/2017\/07\/13895521_1661997087461108_4976885092701901362_n-300x225.jpg\" alt=\"\" width=\"310\" height=\"232\" srcset=\"https:\/\/www.muehl.de\/hungen\/wp-content\/uploads\/2017\/07\/13895521_1661997087461108_4976885092701901362_n-300x225.jpg 300w, https:\/\/www.muehl.de\/hungen\/wp-content\/uploads\/2017\/07\/13895521_1661997087461108_4976885092701901362_n-768x576.jpg 768w, https:\/\/www.muehl.de\/hungen\/wp-content\/uploads\/2017\/07\/13895521_1661997087461108_4976885092701901362_n-800x600.jpg 800w, https:\/\/www.muehl.de\/hungen\/wp-content\/uploads\/2017\/07\/13895521_1661997087461108_4976885092701901362_n-400x300.jpg 400w, https:\/\/www.muehl.de\/hungen\/wp-content\/uploads\/2017\/07\/13895521_1661997087461108_4976885092701901362_n.jpg 960w\" sizes=\"auto, (max-width: 310px) 100vw, 310px\" \/>\u00a0<img loading=\"lazy\" decoding=\"async\" class=\"alignnone wp-image-1805\" style=\"font-size: 1rem;\" src=\"http:\/\/www.muehl.de\/hungen\/wp-content\/uploads\/2017\/07\/PutzTrockenbauM\u00fchlHungen1.jpg\" alt=\"\" width=\"310\" height=\"232\" \/><\/div>\n<\/div>\n<div class=\"zweis static oe_home_contentelement oe_home_contentelement_textonly oe_home_contentelement_nr_3323 oe_home_contentelement_sequenz_1\">\n<div class=\"staticText\">\n<p>&nbsp;<\/p>\n<p>Damit Sie durch uns stets aktuell \u00fcber die neuesten Trends und Techniken in den Bereichen Putz und Trockenbau beraten werden, besuchen unsere Spezialisten fortlaufend Seminare und Informationsveranstaltungen unserer Lieferanten. Dar\u00fcber hinaus bieten wir st\u00e4ndig Produkt- und Verarbeiterschulungen f\u00fcr unsere Handwerkspartner.<\/p>\n<h2>Sch\u00f6nheit, Schutz und Sicherheit f\u00fcr Ihr Traumhaus<\/h2>\n<p>Wir f\u00fchren ausschlie\u00dflich Qualit\u00e4tsprodukte f\u00fchrender Hersteller und Lieferanten wie z. B.: Baumit Bayosan, Knauf, Marmorit, Maxit, Rigips, Rockwool. Die Spezialisten unseres Fachbereichs Putz und Trockenbau liefern Ihnen:<\/p>\n<ul>\n<li>Decken-, Trennwand- und Bodensysteme jeder Art<\/li>\n<li>Innenputze<\/li>\n<li>Au\u00dfenputze<\/li>\n<li>Flie\u00dfestriche<\/li>\n<li>Vollw\u00e4rmeschutzsysteme<\/li>\n<li>D\u00e4mmung<\/li>\n<li>Schall- und Brandschutzelemente<\/li>\n<\/ul>\n<p><img decoding=\"async\" src=\"http:\/\/www.muehl.de\/wps\/wse_pics\/intranet\/pics_54\/q\/h\/Lager_3.JPG\" alt=\"\" width=\"460\" \/><\/p>\n<p>RIGIPS HABITO<br \/>\n\u201eMauern war gestern.\u201c Diesem Slogan macht die innovative Platte von Rigips alle Ehre: Rigips Habito. Wer im hochwertigen Wohnungsbau die Stabilit\u00e4t einer Massiv-Wand mit den Vorz\u00fcgen des schnellen und schlanken Trockenbaus verbinden m\u00f6chte ist mit dieser Platte bestens beraten. L\u00e4stige und aufw\u00e4ndige Holzr\u00fccklagen in den Leichtbauw\u00e4nden f\u00fcr wandh\u00e4ngende Lasten geh\u00f6ren mit der Rigips Habito der Vergangenheit an. Stabilit\u00e4t, Schallschutz und die bew\u00e4hrten Vorz\u00fcge von Flexibilit\u00e4t und schlanker, schneller Bauweise im Trockenbau werden mit dieser Platte vereint.<br \/>\nHaben Sie Fragen, w\u00fcnschen Sie eine Beratung &#8211; Trockenbau-Team M\u00fchl hilft weiter. Nat\u00fcrlich f\u00fchren wir als langj\u00e4hriger Rigips-Partner neben vielen anderen Produkten die Rigips Habito mit Zubeh\u00f6r am Lager.<br \/>\nWeitere Infos und Downloads finden Sie hier:<br \/>\n<a href=\"https:\/\/l.facebook.com\/l.php?u=https%3A%2F%2Fwww.rigips-habito.de%2F&amp;h=ATNlIv1xb-UoiTI_t7FrOGv4EEATWMIkHJv4TVhe9G4j1y3y0WQeq8KsXjQenL1xo5qRg8mkRYL_zcDpptCEEr1NWQxmi0KYNgQ8jfUCbsjp0AYa4_GLC0YDmn4ijgg-4aU2SJjsH4loAlEmL8RdNSN3riiPWOo1KZQHz6_sJQPE6JPxc3HoVOggEfqJPgovFTrFJMNnwa7ABoU-UElhYdLtdyB2NYRzUTO8rdXmTrwaR1VGrCf407ILU8IOUms3yfI7NLOqgB1F3XFm5aFRkQ\">https:\/\/www.rigips-habito.de\/<\/a><\/p>\n<\/div>\n<\/div>\n<\/div>\n<\/div>\n","protected":false},"excerpt":{"rendered":"<p>Putz &amp; Trockenbau Sie suchen einen starken Partner f\u00fcr Putz und Trockenbau? Dann vertrauen Sie auch hier auf M\u00fchl Product &amp; Service. Unsere Ausstellung enth\u00e4lt eine Vielzahl von Anwendungsbeispielen f\u00fcr individuelles Wohnen und unsere Fachberater unterst\u00fctzen Sie gerne bei der richtigen Auswahl von Materialien und Produkten. \u00a0 &nbsp; Damit Sie durch uns stets aktuell \u00fcber die neuesten Trends und Techniken<\/p>\n<p><a class=\"more-link\" href=\"https:\/\/www.muehl.de\/hungen\/trockenbau\/\">Weiterlesen<\/a><\/p>\n","protected":false},"author":4,"featured_media":0,"parent":0,"menu_order":0,"comment_status":"closed","ping_status":"closed","template":"","meta":{"footnotes":""},"class_list":["post-640","page","type-page","status-publish","hentry"],"_links":{"self":[{"href":"https:\/\/www.muehl.de\/hungen\/wp-json\/wp\/v2\/pages\/640","targetHints":{"allow":["GET"]}}],"collection":[{"href":"https:\/\/www.muehl.de\/hungen\/wp-json\/wp\/v2\/pages"}],"about":[{"href":"https:\/\/www.muehl.de\/hungen\/wp-json\/wp\/v2\/types\/page"}],"author":[{"embeddable":true,"href":"https:\/\/www.muehl.de\/hungen\/wp-json\/wp\/v2\/users\/4"}],"replies":[{"embeddable":true,"href":"https:\/\/www.muehl.de\/hungen\/wp-json\/wp\/v2\/comments?post=640"}],"version-history":[{"count":14,"href":"https:\/\/www.muehl.de\/hungen\/wp-json\/wp\/v2\/pages\/640\/revisions"}],"predecessor-version":[{"id":1895,"href":"https:\/\/www.muehl.de\/hungen\/wp-json\/wp\/v2\/pages\/640\/revisions\/1895"}],"wp:attachment":[{"href":"https:\/\/www.muehl.de\/hungen\/wp-json\/wp\/v2\/media?parent=640"}],"curies":[{"name":"wp","href":"https:\/\/api.w.org\/{rel}","templated":true}]}}