{"id":672,"date":"2017-07-25T13:06:04","date_gmt":"2017-07-25T11:06:04","guid":{"rendered":"http:\/\/www.muehl24.info\/wp\/?page_id=672"},"modified":"2018-01-14T21:10:59","modified_gmt":"2018-01-14T20:10:59","slug":"bad-baeder","status":"publish","type":"page","link":"https:\/\/www.muehl.de\/hungen\/bad-baeder\/","title":{"rendered":"Bad\/ B\u00e4der"},"content":{"rendered":"<div id=\"wpstemplatetitel\">\n<h1>Bad- &amp; Sanit\u00e4r-Welt in Hungen<\/h1>\n<\/div>\n<div id=\"wpstemplatecontent\">\n<div id=\"statischerContent\">\n<div class=\"zweis static oe_home_contentelement oe_home_contentelement_textonly oe_home_contentelement_nr_3403 oe_home_contentelement_sequenz_1\">\n<div class=\"staticText\">\n\n<p>Bei M\u00fchl erhalten Sie alles, was Sie f\u00fcr Ihr Wunsch-Bad ben\u00f6tigen &#8211; und als kostenlosen Service: eine kompetente Beratung in unserer Ausstellung.<\/p>\n<div>\n<p><img loading=\"lazy\" decoding=\"async\" class=\"alignnone size-full wp-image-1756\" src=\"http:\/\/www.muehl.de\/hungen\/wp-content\/uploads\/2017\/07\/M\u00fchl24-Hungen-Sanit\u00e4r.jpg\" alt=\"\" width=\"400\" height=\"266\" srcset=\"https:\/\/www.muehl.de\/hungen\/wp-content\/uploads\/2017\/07\/M\u00fchl24-Hungen-Sanit\u00e4r.jpg 400w, https:\/\/www.muehl.de\/hungen\/wp-content\/uploads\/2017\/07\/M\u00fchl24-Hungen-Sanit\u00e4r-300x200.jpg 300w\" sizes=\"auto, (max-width: 400px) 100vw, 400px\" \/><\/p>\n<p><img loading=\"lazy\" decoding=\"async\" class=\"alignnone  wp-image-14\" src=\"http:\/\/www.muehl.de\/hungen\/wp-content\/uploads\/2016\/11\/Ausstellung_Sanit_r_2-1024x989.jpg\" alt=\"\" width=\"411\" height=\"397\" srcset=\"https:\/\/www.muehl.de\/hungen\/wp-content\/uploads\/2016\/11\/Ausstellung_Sanit_r_2-1024x989.jpg 1024w, https:\/\/www.muehl.de\/hungen\/wp-content\/uploads\/2016\/11\/Ausstellung_Sanit_r_2-300x290.jpg 300w, https:\/\/www.muehl.de\/hungen\/wp-content\/uploads\/2016\/11\/Ausstellung_Sanit_r_2-768x742.jpg 768w\" sizes=\"auto, (max-width: 411px) 100vw, 411px\" \/><\/p>\n<\/div>\n<h2><strong>Alles rund ums Bad &#8211; aus einer Hand<\/strong><\/h2>\n<p>Wir zeigen und liefern Ihnen u. a.:<\/p>\n<ul>\n<li>Hochschr\u00e4nke<\/li>\n<li>Unterschr\u00e4nke<\/li>\n<li>Waschtische<\/li>\n<li>Spiegel und Spiegelschr\u00e4nke<\/li>\n<li>Badewannen und Duschen<\/li>\n<li>Armaturen und Brausen<\/li>\n<li>Sanit\u00e4rtechnik, WC-Becken und WC-Sitze<\/li>\n<\/ul>\n<div><\/div>\n<p>Ihr Vorteil:<br \/>\nIn unserer gro\u00dfen Ausstellung rund ums Bad k\u00f6nnen Sie sich selbst ein Bild von Ihrer neuen Bad-Einrichtung machen.<\/p>\n<\/div>\n<\/div>\n<div><\/div>\n<div class=\"zweis static oe_home_contentelement oe_home_contentelement_textonly oe_home_contentelement_nr_3760 oe_home_contentelement_sequenz_3\">\n<div class=\"staticText\">\n<p>Unsere Ansprechpartner f\u00fcr den Bereich Bad und Sanit\u00e4r am Standort Hungen:<\/p>\n<ul>\n<li><a href=\"http:\/\/www.muehl.de\/hungen\/standort-hungen\/\">Einzelhandel\/Privatkunden<\/a><\/li>\n<\/ul>\n<\/div>\n<\/div>\n<\/div>\n<\/div>\n","protected":false},"excerpt":{"rendered":"<p>Bad- &amp; Sanit\u00e4r-Welt in Hungen Bei M\u00fchl erhalten Sie alles, was Sie f\u00fcr Ihr Wunsch-Bad ben\u00f6tigen &#8211; und als kostenlosen Service: eine kompetente Beratung in unserer Ausstellung. Alles rund ums Bad &#8211; aus einer Hand Wir zeigen und liefern Ihnen u. a.: Hochschr\u00e4nke Unterschr\u00e4nke Waschtische Spiegel und Spiegelschr\u00e4nke Badewannen und Duschen Armaturen und Brausen Sanit\u00e4rtechnik, WC-Becken und WC-Sitze Ihr Vorteil:<\/p>\n<p><a class=\"more-link\" href=\"https:\/\/www.muehl.de\/hungen\/bad-baeder\/\">Weiterlesen<\/a><\/p>\n","protected":false},"author":4,"featured_media":0,"parent":0,"menu_order":0,"comment_status":"closed","ping_status":"closed","template":"","meta":{"footnotes":""},"class_list":["post-672","page","type-page","status-publish","hentry"],"_links":{"self":[{"href":"https:\/\/www.muehl.de\/hungen\/wp-json\/wp\/v2\/pages\/672","targetHints":{"allow":["GET"]}}],"collection":[{"href":"https:\/\/www.muehl.de\/hungen\/wp-json\/wp\/v2\/pages"}],"about":[{"href":"https:\/\/www.muehl.de\/hungen\/wp-json\/wp\/v2\/types\/page"}],"author":[{"embeddable":true,"href":"https:\/\/www.muehl.de\/hungen\/wp-json\/wp\/v2\/users\/4"}],"replies":[{"embeddable":true,"href":"https:\/\/www.muehl.de\/hungen\/wp-json\/wp\/v2\/comments?post=672"}],"version-history":[{"count":7,"href":"https:\/\/www.muehl.de\/hungen\/wp-json\/wp\/v2\/pages\/672\/revisions"}],"predecessor-version":[{"id":1757,"href":"https:\/\/www.muehl.de\/hungen\/wp-json\/wp\/v2\/pages\/672\/revisions\/1757"}],"wp:attachment":[{"href":"https:\/\/www.muehl.de\/hungen\/wp-json\/wp\/v2\/media?parent=672"}],"curies":[{"name":"wp","href":"https:\/\/api.w.org\/{rel}","templated":true}]}}