{"id":681,"date":"2017-07-25T13:20:10","date_gmt":"2017-07-25T11:20:10","guid":{"rendered":"http:\/\/www.muehl24.info\/wp\/?page_id=681"},"modified":"2025-10-07T11:31:01","modified_gmt":"2025-10-07T09:31:01","slug":"kundenportal","status":"publish","type":"page","link":"https:\/\/www.muehl.de\/hungen\/kundenportal\/","title":{"rendered":"Kundenportal"},"content":{"rendered":"<h1><strong>M24 Kundenportal<\/strong><\/h1>\n<p><a href=\"https:\/\/www.muehl24.de\/kundenportal\">www.muehl24.de\/kundenportal<\/a><\/p>\n<p><a href=\"https:\/\/online.muehl24.de\">online.muehl24.de<\/a><\/p>\n<h2>Ihr Online-Bestellkanal. 24 Stunden am Tag, 7 Tage die Woche und 365 Tage im Jahr.<br \/>M24 ist jetzt noch einfacher f\u00fcr Sie zu erreichen und somit immer an Ihrer Seite.<br \/>Lassen Sie sich von den M\u00f6glichkeiten des Online-Bestellkanals begeistern. Pr\u00fcfen Sie Ihre Lieferscheine und Rechnungen einfach online.<\/h2>\n<h2>Sie haben Interesse, senden Sie uns Ihre Kundennummer, wir schalten Sie umgehend f\u00fcr unser Kundenportal frei.<\/h2>\n<h2><a href=\"https:\/\/online.muehl24.de\/contact\/\"><em>hier klicken zum Emailsenden<\/em><\/a><\/h2>\n<p><a href=\"https:\/\/www.muehl24.de\/kundenportal\">www.muehl24.de\/kundenportal<\/a><\/p>\n<p><a href=\"https:\/\/online.muehl24.de\">online.muehl24.de<\/a><\/p>\n<h1><a href=\"https:\/\/www.muehl24.de\/hungen\/kundenkonto\/\"><strong>Zur Kundenregistrierung \/ Kundenstammblatt<\/strong> <\/a><\/h1>\n<p><img loading=\"lazy\" decoding=\"async\" class=\"alignnone size-large wp-image-2262\" src=\"http:\/\/www.muehl.de\/hungen\/wp-content\/uploads\/2020\/07\/Kundenportal2-1024x1024.jpg\" alt=\"\" width=\"1024\" height=\"1024\" srcset=\"https:\/\/www.muehl.de\/hungen\/wp-content\/uploads\/2020\/07\/Kundenportal2-1024x1024.jpg 1024w, https:\/\/www.muehl.de\/hungen\/wp-content\/uploads\/2020\/07\/Kundenportal2-300x300.jpg 300w, https:\/\/www.muehl.de\/hungen\/wp-content\/uploads\/2020\/07\/Kundenportal2-150x150.jpg 150w, https:\/\/www.muehl.de\/hungen\/wp-content\/uploads\/2020\/07\/Kundenportal2-768x768.jpg 768w, https:\/\/www.muehl.de\/hungen\/wp-content\/uploads\/2020\/07\/Kundenportal2-800x800.jpg 800w, https:\/\/www.muehl.de\/hungen\/wp-content\/uploads\/2020\/07\/Kundenportal2.jpg 1080w\" sizes=\"auto, (max-width: 1024px) 100vw, 1024px\" \/><\/p>\n<h1 style=\"margin-top: 1.71429rem; margin-bottom: 1.71429rem;\"><strong><span style=\"color: #354c9c;\"><img loading=\"lazy\" decoding=\"async\" class=\"alignnone wp-image-1747 size-full\" src=\"http:\/\/www.muehl.de\/hungen\/wp-content\/uploads\/2017\/07\/PortalVorteileBanner-2018-1.jpg\" alt=\"\" width=\"1701\" height=\"354\" srcset=\"https:\/\/www.muehl.de\/hungen\/wp-content\/uploads\/2017\/07\/PortalVorteileBanner-2018-1.jpg 1701w, https:\/\/www.muehl.de\/hungen\/wp-content\/uploads\/2017\/07\/PortalVorteileBanner-2018-1-300x62.jpg 300w, https:\/\/www.muehl.de\/hungen\/wp-content\/uploads\/2017\/07\/PortalVorteileBanner-2018-1-768x160.jpg 768w, https:\/\/www.muehl.de\/hungen\/wp-content\/uploads\/2017\/07\/PortalVorteileBanner-2018-1-1024x213.jpg 1024w, https:\/\/www.muehl.de\/hungen\/wp-content\/uploads\/2017\/07\/PortalVorteileBanner-2018-1-800x166.jpg 800w\" sizes=\"auto, (max-width: 1701px) 100vw, 1701px\" \/><\/span><\/strong><\/h1>\n<h1 style=\"margin-top: 1.71429rem; margin-bottom: 1.71429rem;\"><strong style=\"font-size: 1.5rem;\"><span style=\"color: #354c9c;\"><img loading=\"lazy\" decoding=\"async\" class=\"alignnone wp-image-1269\" src=\"http:\/\/www.muehl24.info\/wp\/wp-content\/uploads\/2017\/07\/Rabatte-1-1024x427.jpg\" alt=\"\" width=\"546\" height=\"228\" srcset=\"https:\/\/www.muehl.de\/hungen\/wp-content\/uploads\/2017\/07\/Rabatte-1-1024x427.jpg 1024w, https:\/\/www.muehl.de\/hungen\/wp-content\/uploads\/2017\/07\/Rabatte-1-300x125.jpg 300w, https:\/\/www.muehl.de\/hungen\/wp-content\/uploads\/2017\/07\/Rabatte-1-768x320.jpg 768w, https:\/\/www.muehl.de\/hungen\/wp-content\/uploads\/2017\/07\/Rabatte-1-800x334.jpg 800w, https:\/\/www.muehl.de\/hungen\/wp-content\/uploads\/2017\/07\/Rabatte-1.jpg 1417w\" sizes=\"auto, (max-width: 546px) 100vw, 546px\" \/><\/span><\/strong><img loading=\"lazy\" decoding=\"async\" class=\"alignnone wp-image-2164\" style=\"font-size: 1rem;\" src=\"http:\/\/www.muehl.de\/hungen\/wp-content\/uploads\/2019\/01\/Mobil-1024x427.jpg\" alt=\"\" width=\"546\" height=\"228\" srcset=\"https:\/\/www.muehl.de\/hungen\/wp-content\/uploads\/2019\/01\/Mobil-1024x427.jpg 1024w, https:\/\/www.muehl.de\/hungen\/wp-content\/uploads\/2019\/01\/Mobil-300x125.jpg 300w, https:\/\/www.muehl.de\/hungen\/wp-content\/uploads\/2019\/01\/Mobil-768x320.jpg 768w, https:\/\/www.muehl.de\/hungen\/wp-content\/uploads\/2019\/01\/Mobil-800x334.jpg 800w, https:\/\/www.muehl.de\/hungen\/wp-content\/uploads\/2019\/01\/Mobil.jpg 1417w\" sizes=\"auto, (max-width: 546px) 100vw, 546px\" \/><img loading=\"lazy\" decoding=\"async\" class=\"alignnone wp-image-1266\" style=\"font-size: 1rem;\" src=\"http:\/\/www.muehl24.info\/wp\/wp-content\/uploads\/2017\/07\/Zeitersparnis-4.jpg\" alt=\"\" width=\"549\" height=\"229\" srcset=\"https:\/\/www.muehl.de\/hungen\/wp-content\/uploads\/2017\/07\/Zeitersparnis-4.jpg 1417w, https:\/\/www.muehl.de\/hungen\/wp-content\/uploads\/2017\/07\/Zeitersparnis-4-300x125.jpg 300w, https:\/\/www.muehl.de\/hungen\/wp-content\/uploads\/2017\/07\/Zeitersparnis-4-768x320.jpg 768w, https:\/\/www.muehl.de\/hungen\/wp-content\/uploads\/2017\/07\/Zeitersparnis-4-1024x427.jpg 1024w, https:\/\/www.muehl.de\/hungen\/wp-content\/uploads\/2017\/07\/Zeitersparnis-4-800x334.jpg 800w\" sizes=\"auto, (max-width: 549px) 100vw, 549px\" \/><img loading=\"lazy\" decoding=\"async\" class=\"alignnone wp-image-1262\" src=\"http:\/\/www.muehl24.info\/wp\/wp-content\/uploads\/2017\/07\/Sicherheit-1.jpg\" alt=\"\" width=\"549\" height=\"229\" srcset=\"https:\/\/www.muehl.de\/hungen\/wp-content\/uploads\/2017\/07\/Sicherheit-1.jpg 1417w, https:\/\/www.muehl.de\/hungen\/wp-content\/uploads\/2017\/07\/Sicherheit-1-300x125.jpg 300w, https:\/\/www.muehl.de\/hungen\/wp-content\/uploads\/2017\/07\/Sicherheit-1-768x320.jpg 768w, https:\/\/www.muehl.de\/hungen\/wp-content\/uploads\/2017\/07\/Sicherheit-1-1024x427.jpg 1024w, https:\/\/www.muehl.de\/hungen\/wp-content\/uploads\/2017\/07\/Sicherheit-1-800x334.jpg 800w\" sizes=\"auto, (max-width: 549px) 100vw, 549px\" \/><strong><span style=\"color: #354c9c;\"><br \/><a href=\"http:\/\/www.muehl.de\/hungen\/kundenkonto\/\"><img loading=\"lazy\" decoding=\"async\" class=\"alignnone wp-image-1096\" title=\"M\u00fchl Kundenkonto erstellen\" src=\"http:\/\/www.muehl24.info\/wp\/wp-content\/uploads\/2017\/07\/KundenkontoBannerklick-300x56.jpg\" alt=\"\" width=\"1227\" height=\"229\" srcset=\"https:\/\/www.muehl.de\/hungen\/wp-content\/uploads\/2017\/07\/KundenkontoBannerklick-300x56.jpg 300w, https:\/\/www.muehl.de\/hungen\/wp-content\/uploads\/2017\/07\/KundenkontoBannerklick-768x144.jpg 768w, https:\/\/www.muehl.de\/hungen\/wp-content\/uploads\/2017\/07\/KundenkontoBannerklick-1024x192.jpg 1024w, https:\/\/www.muehl.de\/hungen\/wp-content\/uploads\/2017\/07\/KundenkontoBannerklick-800x150.jpg 800w, https:\/\/www.muehl.de\/hungen\/wp-content\/uploads\/2017\/07\/KundenkontoBannerklick.jpg 1221w\" sizes=\"auto, (max-width: 1227px) 100vw, 1227px\" \/><\/a><\/span><\/strong><\/h1>\n<p style=\"text-align: center;\"><span style=\"text-decoration: underline;\"><a href=\"http:\/\/online.muehl24.de\"><strong>weiter zum LOGIN M\u00fchl24-Kundenportral<\/strong><\/a><\/span><\/p>\n<p style=\"text-align: center;\"><span style=\"text-decoration: underline;\"><a href=\"http:\/\/www.muehl.de\/hungen\/kundenkonto\/\">Kundenstammblatt ausf\u00fcllen<\/a><\/span><\/p>\n\n\n<p><\/p>\n","protected":false},"excerpt":{"rendered":"<p>M24 Kundenportal www.muehl24.de\/kundenportal online.muehl24.de Ihr Online-Bestellkanal. 24 Stunden am Tag, 7 Tage die Woche und 365 Tage im Jahr.M24 ist jetzt noch einfacher f\u00fcr Sie zu erreichen und somit immer an Ihrer Seite.Lassen Sie sich von den M\u00f6glichkeiten des Online-Bestellkanals begeistern. Pr\u00fcfen Sie Ihre Lieferscheine und Rechnungen einfach online. Sie haben Interesse, senden Sie uns Ihre Kundennummer, wir schalten Sie<\/p>\n<p><a class=\"more-link\" href=\"https:\/\/www.muehl.de\/hungen\/kundenportal\/\">Weiterlesen<\/a><\/p>\n","protected":false},"author":4,"featured_media":0,"parent":0,"menu_order":0,"comment_status":"closed","ping_status":"closed","template":"page-templates\/full-width.php","meta":{"footnotes":""},"class_list":["post-681","page","type-page","status-publish","hentry"],"_links":{"self":[{"href":"https:\/\/www.muehl.de\/hungen\/wp-json\/wp\/v2\/pages\/681","targetHints":{"allow":["GET"]}}],"collection":[{"href":"https:\/\/www.muehl.de\/hungen\/wp-json\/wp\/v2\/pages"}],"about":[{"href":"https:\/\/www.muehl.de\/hungen\/wp-json\/wp\/v2\/types\/page"}],"author":[{"embeddable":true,"href":"https:\/\/www.muehl.de\/hungen\/wp-json\/wp\/v2\/users\/4"}],"replies":[{"embeddable":true,"href":"https:\/\/www.muehl.de\/hungen\/wp-json\/wp\/v2\/comments?post=681"}],"version-history":[{"count":67,"href":"https:\/\/www.muehl.de\/hungen\/wp-json\/wp\/v2\/pages\/681\/revisions"}],"predecessor-version":[{"id":2810,"href":"https:\/\/www.muehl.de\/hungen\/wp-json\/wp\/v2\/pages\/681\/revisions\/2810"}],"wp:attachment":[{"href":"https:\/\/www.muehl.de\/hungen\/wp-json\/wp\/v2\/media?parent=681"}],"curies":[{"name":"wp","href":"https:\/\/api.w.org\/{rel}","templated":true}]}}