{"id":691,"date":"2017-07-25T13:28:05","date_gmt":"2017-07-25T11:28:05","guid":{"rendered":"http:\/\/www.muehl24.info\/wp\/?page_id=691"},"modified":"2021-06-26T15:30:51","modified_gmt":"2021-06-26T13:30:51","slug":"product-service","status":"publish","type":"page","link":"https:\/\/www.muehl.de\/hungen\/product-service\/","title":{"rendered":"Product &#038; Service"},"content":{"rendered":"<h1 id=\"wpstemplatetitel\"><span style=\"color: #354c9c;\"><b>M\u00fchl Product &amp; Service\u00a0 &#8211; Praktisch nur Vorteile!<\/b><\/span><\/h1>\n<p><img loading=\"lazy\" decoding=\"async\" class=\"alignnone wp-image-1099\" src=\"http:\/\/www.muehl24.info\/wp\/wp-content\/uploads\/2017\/07\/Aufma\u00df-300x150.jpg\" alt=\"\" width=\"390\" height=\"195\" srcset=\"https:\/\/www.muehl.de\/hungen\/wp-content\/uploads\/2017\/07\/Aufma\u00df-300x150.jpg 300w, https:\/\/www.muehl.de\/hungen\/wp-content\/uploads\/2017\/07\/Aufma\u00df-768x384.jpg 768w, https:\/\/www.muehl.de\/hungen\/wp-content\/uploads\/2017\/07\/Aufma\u00df-1024x512.jpg 1024w, https:\/\/www.muehl.de\/hungen\/wp-content\/uploads\/2017\/07\/Aufma\u00df-800x400.jpg 800w\" sizes=\"auto, (max-width: 390px) 100vw, 390px\" \/>\u00a0\u00a0<img loading=\"lazy\" decoding=\"async\" class=\"alignnone wp-image-1100\" src=\"http:\/\/www.muehl24.info\/wp\/wp-content\/uploads\/2017\/07\/Komplettl\u00f6sungen-300x150.jpg\" alt=\"\" width=\"390\" height=\"195\" srcset=\"https:\/\/www.muehl.de\/hungen\/wp-content\/uploads\/2017\/07\/Komplettl\u00f6sungen-300x150.jpg 300w, https:\/\/www.muehl.de\/hungen\/wp-content\/uploads\/2017\/07\/Komplettl\u00f6sungen-768x384.jpg 768w, https:\/\/www.muehl.de\/hungen\/wp-content\/uploads\/2017\/07\/Komplettl\u00f6sungen-1024x512.jpg 1024w, https:\/\/www.muehl.de\/hungen\/wp-content\/uploads\/2017\/07\/Komplettl\u00f6sungen-800x400.jpg 800w\" sizes=\"auto, (max-width: 390px) 100vw, 390px\" \/><\/p>\n<h2><span style=\"color: #354c9c;\">\u2022 Wir nehmen Ma\u00df und finden die perfekten T\u00fcren &amp; Tore f\u00fcr sie !<br \/>\n<\/span><span style=\"color: #354c9c;\">\u2022 Komplettl\u00f6sungen rund um das Bauen und Renovieren vom Profi<\/span><\/h2>\n<h3><img loading=\"lazy\" decoding=\"async\" class=\"alignnone wp-image-1101\" src=\"http:\/\/www.muehl24.info\/wp\/wp-content\/uploads\/2017\/07\/Lieferung-300x150.jpg\" alt=\"\" width=\"390\" height=\"195\" srcset=\"https:\/\/www.muehl.de\/hungen\/wp-content\/uploads\/2017\/07\/Lieferung-300x150.jpg 300w, https:\/\/www.muehl.de\/hungen\/wp-content\/uploads\/2017\/07\/Lieferung-768x384.jpg 768w, https:\/\/www.muehl.de\/hungen\/wp-content\/uploads\/2017\/07\/Lieferung-1024x512.jpg 1024w, https:\/\/www.muehl.de\/hungen\/wp-content\/uploads\/2017\/07\/Lieferung-800x400.jpg 800w\" sizes=\"auto, (max-width: 390px) 100vw, 390px\" \/>\u00a0\u00a0<img loading=\"lazy\" decoding=\"async\" class=\"alignnone wp-image-1102\" src=\"http:\/\/www.muehl24.info\/wp\/wp-content\/uploads\/2017\/07\/Shop-300x150.jpg\" alt=\"\" width=\"390\" height=\"195\" srcset=\"https:\/\/www.muehl.de\/hungen\/wp-content\/uploads\/2017\/07\/Shop-300x150.jpg 300w, https:\/\/www.muehl.de\/hungen\/wp-content\/uploads\/2017\/07\/Shop-768x384.jpg 768w, https:\/\/www.muehl.de\/hungen\/wp-content\/uploads\/2017\/07\/Shop-1024x512.jpg 1024w, https:\/\/www.muehl.de\/hungen\/wp-content\/uploads\/2017\/07\/Shop-800x400.jpg 800w\" sizes=\"auto, (max-width: 390px) 100vw, 390px\" \/><\/h3>\n<h3><span style=\"color: #354c9c;\">\u2022\u00a0<\/span><span style=\"color: #354c9c; font-size: 1rem;\">Kurze Lieferzeiten durch Lieferung aus unserem lager und eigenem Fuhrpark!<br \/>\n\u2022 Einfach, sicher und Schnell im Internet bestellen und Lieferstatus einsehen<\/span><\/h3>\n<div id=\"wpstemplatecontent\">\n<div id=\"statischerContent\">\n<div class=\"zweis static oe_home_contentelement oe_home_contentelement_textonly oe_home_contentelement_nr_3326 oe_home_contentelement_sequenz_1\">\n<div class=\"staticText\">\n<h2><strong><span style=\"color: #354c9c;\">Mit M\u00fchl immer rundum bestens betreut<\/span><\/strong><\/h2>\n<h2><img loading=\"lazy\" decoding=\"async\" class=\"alignnone wp-image-1118\" style=\"font-size: 1rem;\" src=\"http:\/\/www.muehl24.info\/wp\/wp-content\/uploads\/2017\/07\/lIEFERZEIT-300x99.jpg\" alt=\"\" width=\"1186\" height=\"390\" srcset=\"https:\/\/www.muehl.de\/hungen\/wp-content\/uploads\/2017\/07\/lIEFERZEIT-300x99.jpg 300w, https:\/\/www.muehl.de\/hungen\/wp-content\/uploads\/2017\/07\/lIEFERZEIT-768x253.jpg 768w, https:\/\/www.muehl.de\/hungen\/wp-content\/uploads\/2017\/07\/lIEFERZEIT-1024x337.jpg 1024w, https:\/\/www.muehl.de\/hungen\/wp-content\/uploads\/2017\/07\/lIEFERZEIT-800x263.jpg 800w, https:\/\/www.muehl.de\/hungen\/wp-content\/uploads\/2017\/07\/lIEFERZEIT.jpg 1417w\" sizes=\"auto, (max-width: 1186px) 100vw, 1186px\" \/><\/h2>\n<p><span style=\"color: #354c9c;\">Wir, M\u00fchl Product &amp; Service, verstehen uns als Bindeglied zwischen Industrie, Architekt, Handwerk und dem Bauherren oder Renovierer. Unser Komplettservice umfasst von der qualifizierten Beratung bis zur termingerechten Lieferung alles, was Sie von einem modernen und innovativen Partner erwarten.<\/span><\/p>\n<p><span style=\"color: #354c9c;\">Profitieren Sie von unseren Zusatzleistungen im Produkt- und Servicemanagement sowie von unser Objektberatung. Nutzen Sie unser Angebot an Produktschulungen und Anwendungsseminaren.<\/span><\/p>\n<div><span style=\"color: #354c9c;\"><img loading=\"lazy\" decoding=\"async\" class=\"\" src=\"http:\/\/www.muehl.de\/wps\/wse_pics\/intranet\/pics_54\/s\/t\/Collage2.png\" alt=\"\" width=\"648\" height=\"437\" \/><\/span><\/div>\n<h2><span style=\"color: #354c9c;\">Das Beste ist gerade gut genug<\/span><\/h2>\n<p><span style=\"color: #354c9c;\">Qualit\u00e4t und Service, daf\u00fcr steht M\u00fchl Product &amp; Service. Darum f\u00fchren wir ausschlie\u00dflich Qualit\u00e4tsbaustoffe von renommierten Herstellern und Lieferanten wie z. B. Baumit, Saint Gobain Weber, Wienerberger, Xella und H\u00f6rmann.<\/span><\/p>\n<p><img loading=\"lazy\" decoding=\"async\" class=\"alignnone size-full wp-image-1836\" src=\"http:\/\/www.muehl.de\/hungen\/wp-content\/uploads\/2017\/07\/HerholzMuehlWetzlar.jpg\" alt=\"\" width=\"210\" height=\"100\" \/> <img loading=\"lazy\" decoding=\"async\" class=\"alignnone size-full wp-image-1837\" src=\"http:\/\/www.muehl.de\/hungen\/wp-content\/uploads\/2017\/07\/PruemLogoMuehlWetzlar.jpg\" alt=\"\" width=\"210\" height=\"100\" \/> <img loading=\"lazy\" decoding=\"async\" class=\"alignnone size-full wp-image-1810\" src=\"http:\/\/www.muehl.de\/hungen\/wp-content\/uploads\/2017\/07\/H\u00f6rmann93011.jpg\" alt=\"\" width=\"210\" height=\"100\" \/> <img loading=\"lazy\" decoding=\"async\" class=\"alignnone size-full wp-image-1838\" src=\"http:\/\/www.muehl.de\/hungen\/wp-content\/uploads\/2017\/07\/HoppeLogoMuehlWetzlar.jpg\" alt=\"\" width=\"210\" height=\"100\" \/> <img loading=\"lazy\" decoding=\"async\" class=\"alignnone size-full wp-image-1842\" src=\"http:\/\/www.muehl.de\/hungen\/wp-content\/uploads\/2017\/07\/GriffWerk-1.jpg\" alt=\"\" width=\"210\" height=\"100\" \/> <img loading=\"lazy\" decoding=\"async\" class=\"alignnone size-full wp-image-1847\" src=\"http:\/\/www.muehl.de\/hungen\/wp-content\/uploads\/2017\/07\/ZiroLogo.jpg\" alt=\"\" width=\"210\" height=\"100\" \/> <img loading=\"lazy\" decoding=\"async\" class=\"alignnone size-full wp-image-1848\" src=\"http:\/\/www.muehl.de\/hungen\/wp-content\/uploads\/2017\/07\/HaroLogo.jpg\" alt=\"\" width=\"210\" height=\"100\" \/> <img loading=\"lazy\" decoding=\"async\" class=\"alignnone size-full wp-image-1709\" src=\"http:\/\/www.muehl.de\/hungen\/wp-content\/uploads\/2017\/07\/Isover.jpg\" alt=\"\" width=\"210\" height=\"100\" \/> <img loading=\"lazy\" decoding=\"async\" class=\"alignnone size-full wp-image-1705\" src=\"http:\/\/www.muehl.de\/hungen\/wp-content\/uploads\/2017\/07\/Baumit.jpg\" alt=\"\" width=\"210\" height=\"100\" \/> <img loading=\"lazy\" decoding=\"async\" class=\"alignnone size-full wp-image-1856\" src=\"http:\/\/www.muehl.de\/hungen\/wp-content\/uploads\/2017\/07\/GeberitMuehl.jpg\" alt=\"\" width=\"210\" height=\"100\" \/> <img loading=\"lazy\" decoding=\"async\" class=\"alignnone size-full wp-image-1857\" src=\"http:\/\/www.muehl.de\/hungen\/wp-content\/uploads\/2017\/07\/HansgroheMuehl.jpg\" alt=\"\" width=\"210\" height=\"100\" \/> <img loading=\"lazy\" decoding=\"async\" class=\"alignnone size-full wp-image-1870\" src=\"http:\/\/www.muehl.de\/hungen\/wp-content\/uploads\/2017\/07\/CenturyMuehl.jpg\" alt=\"\" width=\"210\" height=\"100\" \/> <img loading=\"lazy\" decoding=\"async\" class=\"alignnone size-full wp-image-1874\" src=\"http:\/\/www.muehl.de\/hungen\/wp-content\/uploads\/2017\/07\/MarcaCoronaMuehl.jpg\" alt=\"\" width=\"210\" height=\"100\" \/> <img loading=\"lazy\" decoding=\"async\" class=\"alignnone size-full wp-image-1896\" src=\"http:\/\/www.muehl.de\/hungen\/wp-content\/uploads\/2017\/07\/Mirage-1.jpg\" alt=\"\" width=\"210\" height=\"100\" \/> <img loading=\"lazy\" decoding=\"async\" class=\"alignnone size-full wp-image-1882\" src=\"http:\/\/www.muehl.de\/hungen\/wp-content\/uploads\/2017\/07\/SteulerMuehl.jpg\" alt=\"\" width=\"210\" height=\"100\" \/><\/p>\n<\/div>\n<\/div>\n<\/div>\n<\/div>\n","protected":false},"excerpt":{"rendered":"<p>M\u00fchl Product &amp; Service\u00a0 &#8211; Praktisch nur Vorteile! \u00a0\u00a0 \u2022 Wir nehmen Ma\u00df und finden die perfekten T\u00fcren &amp; Tore f\u00fcr sie ! \u2022 Komplettl\u00f6sungen rund um das Bauen und Renovieren vom Profi \u00a0\u00a0 \u2022\u00a0Kurze Lieferzeiten durch Lieferung aus unserem lager und eigenem Fuhrpark! \u2022 Einfach, sicher und Schnell im Internet bestellen und Lieferstatus einsehen Mit M\u00fchl immer rundum bestens<\/p>\n<p><a class=\"more-link\" href=\"https:\/\/www.muehl.de\/hungen\/product-service\/\">Weiterlesen<\/a><\/p>\n","protected":false},"author":4,"featured_media":0,"parent":0,"menu_order":0,"comment_status":"closed","ping_status":"closed","template":"","meta":{"footnotes":""},"class_list":["post-691","page","type-page","status-publish","hentry"],"_links":{"self":[{"href":"https:\/\/www.muehl.de\/hungen\/wp-json\/wp\/v2\/pages\/691","targetHints":{"allow":["GET"]}}],"collection":[{"href":"https:\/\/www.muehl.de\/hungen\/wp-json\/wp\/v2\/pages"}],"about":[{"href":"https:\/\/www.muehl.de\/hungen\/wp-json\/wp\/v2\/types\/page"}],"author":[{"embeddable":true,"href":"https:\/\/www.muehl.de\/hungen\/wp-json\/wp\/v2\/users\/4"}],"replies":[{"embeddable":true,"href":"https:\/\/www.muehl.de\/hungen\/wp-json\/wp\/v2\/comments?post=691"}],"version-history":[{"count":28,"href":"https:\/\/www.muehl.de\/hungen\/wp-json\/wp\/v2\/pages\/691\/revisions"}],"predecessor-version":[{"id":2399,"href":"https:\/\/www.muehl.de\/hungen\/wp-json\/wp\/v2\/pages\/691\/revisions\/2399"}],"wp:attachment":[{"href":"https:\/\/www.muehl.de\/hungen\/wp-json\/wp\/v2\/media?parent=691"}],"curies":[{"name":"wp","href":"https:\/\/api.w.org\/{rel}","templated":true}]}}