{"id":646,"date":"2017-07-25T11:55:55","date_gmt":"2017-07-25T09:55:55","guid":{"rendered":"http:\/\/www.muehl24.info\/wp\/?page_id=646"},"modified":"2018-03-21T13:16:22","modified_gmt":"2018-03-21T12:16:22","slug":"tueren","status":"publish","type":"page","link":"https:\/\/www.muehl.de\/wetzlar\/tueren\/","title":{"rendered":"T\u00fcren"},"content":{"rendered":"\n<h3><strong><span style=\"color: #354c9c;\">Unsere Spezialisten aus dem Fachbereich Bauelemente beraten Sie in unserer Ausstellung zu:<\/span><\/strong><\/h3>\n<ul>\n<li><span style=\"color: #000000;\">T\u00fcren und Zargen<\/span><\/li>\n<li><span style=\"color: #000000;\">Glast\u00fcren<\/span><\/li>\n<li><span style=\"color: #000000;\">Funktionst\u00fcren aller Art<\/span><\/li>\n<li><span style=\"color: #000000;\">Haust\u00fcren<\/span><\/li>\n<li><span style=\"color: #000000;\">Dr\u00fcckergarnituren \u2013 Beschl\u00e4gen<\/span><\/li>\n<\/ul>\n<p><strong><span style=\"color: #354c9c;\">Funktionalit\u00e4t und \u00c4sthetik, daf\u00fcr steht M\u00fchl Product &amp; Service. Darum f\u00fchren wir ausschlie\u00dflich Markenprodukte f\u00fchrender Hersteller und Lieferanten wie z. B.: \u00a0Herholz, HGM, Hoppe, H\u00f6rmann, Jado, Licht und Harmonie, Terh\u00fcrne, Westag &amp; Getalit sowie Pr\u00fcm.<\/span><\/strong><\/p>\n<p><img loading=\"lazy\" decoding=\"async\" class=\"alignnone size-full wp-image-1600\" src=\"https:\/\/www.muehl.de\/wetzlar\/wp-content\/uploads\/2018\/03\/Decora.jpg\" alt=\"\" width=\"430\" height=\"573\" srcset=\"https:\/\/www.muehl.de\/wetzlar\/wp-content\/uploads\/2018\/03\/Decora.jpg 430w, https:\/\/www.muehl.de\/wetzlar\/wp-content\/uploads\/2018\/03\/Decora-225x300.jpg 225w\" sizes=\"auto, (max-width: 430px) 100vw, 430px\" \/><\/p>\n<p><strong>Decora<\/strong><\/p>\n<p>Illusion oder Wirklichkeit \u2013 dies muss kein Widerspruch sein. In dem neuen Decora-Katalog zeigt Herholz den perfekten Umgang mit dem mehrschichtigen Werkstoff CPL (Continuous Pressure Laminate). Als Gestaltungspartner f\u00fcr ein rundum sch\u00f6nes und modernes Wohnambiente bietet Decora die Wahl zwischen 26 spannenden Oberfl\u00e4chendesigns. Ob Wellness-Oase, Kinderzimmer, edle Wohnk\u00fcche oder stilvolles Wohnzimmer \u2013 der Decora-Katalog ist eine Reise durch zahlreiche Wohnwelten und stellt darauf abgestimmt verschiedene Modell-Optionen vor. Die Vielfalt von Zusatzausstattungen, wie Glasrahmen, mit denen sich jede Decora-T\u00fcr aufwerten l\u00e4sst, macht die Auswahl nicht leichter. Wie gut, dass Herholz das ganze Spectrum der M\u00f6glichkeiten in informativen \u00dcbersichtsseiten darstellt. Von der Erstinformation bis zur Detailplanung findet der Leser alles Wissenswerte \u00fcber Decora, dem T\u00fcr-Allrounder mit erstaunlicher Vielfalt.<\/p>\n<p>&nbsp;<\/p>\n<p><img loading=\"lazy\" decoding=\"async\" class=\"alignnone size-full wp-image-1601\" src=\"https:\/\/www.muehl.de\/wetzlar\/wp-content\/uploads\/2018\/03\/Wei\u00dflack.jpg\" alt=\"\" width=\"421\" height=\"593\" srcset=\"https:\/\/www.muehl.de\/wetzlar\/wp-content\/uploads\/2018\/03\/Wei\u00dflack.jpg 421w, https:\/\/www.muehl.de\/wetzlar\/wp-content\/uploads\/2018\/03\/Wei\u00dflack-213x300.jpg 213w\" sizes=\"auto, (max-width: 421px) 100vw, 421px\" \/><\/p>\n<h2><strong>Wei\u00dflack<\/strong><\/h2>\n<p>Wei\u00df ist der Wohntrend Nummer eins. Der Design-Klassiker \u201aWei\u00df\u2019 kennt sich in jeder Stilrichtung aus. Ob romantischer Landhausstil, puristische Bauhausoptik, klassische Eleganz oder schlichte Moderne \u2013 das Elegant-Programm von Herholz h\u00e4lt f\u00fcr anspruchsvolles Wohnen jeder Couleur garantiert den passenden T\u00fcr-Favoriten in Wei\u00df parat. Hier stellt der neue Elegant-Katalog eine F\u00fclle von T\u00fcrpers\u00f6nlichkeiten vor. Alle Modelle vereinen beides in sich \u2013 Zeitlosigkeit und Aktualit\u00e4t. Wie dies gelingt, zeigt Herholz bei Elegant vor allem mit einer reduzierten Formensprache. Darf es das fl\u00e4chenb\u00fcndige T\u00fcr-Design sein oder die technische Wei\u00dflack-T\u00fcr mit Sicherheitsbeschlag? In dem Katalog spielt Herholz seine Hersteller-Kompetenz in jeder Hinsicht aus. Einfach durchbl\u00e4ttern, sich von der gro\u00dfz\u00fcgigen Bildsprache inspirieren lassen und dann den Blick \u00fcber die anschaulich pr\u00e4sentierten T\u00fcrvarianten und Detail\u00fcbersichten schweifen lassen \u2013 so kann die Reise \u201aVerf\u00fchrung in Wei\u00df\u2019 schlie\u00dflich bei der eigenen Traumt\u00fcr erfolgreich enden.<\/p>\n<p>&nbsp;<\/p>\n<p><img loading=\"lazy\" decoding=\"async\" class=\"alignnone size-full wp-image-1602\" src=\"https:\/\/www.muehl.de\/wetzlar\/wp-content\/uploads\/2018\/03\/Furnierprogramm.jpg\" alt=\"\" width=\"426\" height=\"592\" srcset=\"https:\/\/www.muehl.de\/wetzlar\/wp-content\/uploads\/2018\/03\/Furnierprogramm.jpg 426w, https:\/\/www.muehl.de\/wetzlar\/wp-content\/uploads\/2018\/03\/Furnierprogramm-216x300.jpg 216w\" sizes=\"auto, (max-width: 426px) 100vw, 426px\" \/><\/p>\n<h2><strong>Furnier<\/strong><\/h2>\n<p>Holzliebhaber sind begeistert \u2013 mit Furniert\u00fcren von Herholz zieht die Behaglichkeit und Nat\u00fcrlichkeit von Holz in seiner sch\u00f6nsten Form zuhause ein. So vielf\u00e4ltig wie die Natur ist, so vielf\u00e4ltig ist auch die Herholz-Furniervielfalt. In dem Furnier-Katalog stellt Herholz absolute Trendsetter \u2013 wie z.B. \u201aEsche Braunkern\u2019 oder \u201aSatin Walnut\u2019 vor, mit denen sich angesagte Wohnstile umsetzen lassen. Aber auch Vertreter f\u00fcr zeitlos-klassische Wohnbilder, wie \u201aEiche natur\u2019 oder \u201aKanadischer Ahorn\u2019, reihen sich in modernster Aufmachung ein. Die \u201eHolz-Stars\u201c aus den Programmen \u201aModern\u2019, \u201aZeitlos\u2019 und \u201aKlassik\u2019 werden in vielf\u00e4ltigen Ausf\u00fchrungen und Ausstattungen pr\u00e4sentiert. Stimmungsvolle Ambiente-Bilder dokumentieren die Stilwelten, mit denen die Furniert\u00fcren spielend leicht harmonieren. Viele technische Details und eine komplette Oberfl\u00e4chen\u00fcbersicht machen den Katalog ebenso\u00a0 zu einem wertvollen Ratgeber. Wer auf der Suche nach einer hochwertigen Furniert\u00fcr f\u00fcr gehobenes Wohnen ist, findet in dem Furnierprospekt einen wertvollen Leitfaden.<\/p>\n<p>&nbsp;<\/p>\n<p><iframe loading=\"lazy\" src=\"http:\/\/www.tuer.de\/fileadmin\/documents\/pruem\/flipbook\/01_Verkaufsunterlagen\/1_Broschueren\/12_KPB-2015\/2017\/PRUEM-KPB_2017_DS.pdf \" width=\"1000\" height=\"700\"> <\/iframe><\/p>\n<h3><span style=\"color: #354c9c;\">\u2192\u00a0<a href=\" http:\/\/www.tuer.de\/fileadmin\/documents\/pruem\/flipbook\/01_Verkaufsunterlagen\/1_Broschueren\/12_KPB-2015\/2017\/PRUEM-KPB_2017_DS.pdf\">Pr\u00fcm T\u00fcrenkatalog <\/a><\/span><\/h3>\n","protected":false},"excerpt":{"rendered":"<p>Unsere Spezialisten aus dem Fachbereich Bauelemente beraten Sie in unserer Ausstellung zu: T\u00fcren und Zargen Glast\u00fcren Funktionst\u00fcren aller Art Haust\u00fcren Dr\u00fcckergarnituren \u2013 Beschl\u00e4gen Funktionalit\u00e4t und \u00c4sthetik, daf\u00fcr steht M\u00fchl Product &amp; Service. Darum f\u00fchren wir ausschlie\u00dflich Markenprodukte f\u00fchrender Hersteller und Lieferanten wie z. B.: \u00a0Herholz, HGM, Hoppe, H\u00f6rmann, Jado, Licht und Harmonie, Terh\u00fcrne, Westag &amp; Getalit sowie Pr\u00fcm. Decora Illusion<\/p>\n<p><a class=\"more-link\" href=\"https:\/\/www.muehl.de\/wetzlar\/tueren\/\">Weiterlesen<\/a><\/p>\n","protected":false},"author":4,"featured_media":0,"parent":0,"menu_order":0,"comment_status":"closed","ping_status":"closed","template":"","meta":{"footnotes":""},"class_list":["post-646","page","type-page","status-publish","hentry"],"_links":{"self":[{"href":"https:\/\/www.muehl.de\/wetzlar\/wp-json\/wp\/v2\/pages\/646","targetHints":{"allow":["GET"]}}],"collection":[{"href":"https:\/\/www.muehl.de\/wetzlar\/wp-json\/wp\/v2\/pages"}],"about":[{"href":"https:\/\/www.muehl.de\/wetzlar\/wp-json\/wp\/v2\/types\/page"}],"author":[{"embeddable":true,"href":"https:\/\/www.muehl.de\/wetzlar\/wp-json\/wp\/v2\/users\/4"}],"replies":[{"embeddable":true,"href":"https:\/\/www.muehl.de\/wetzlar\/wp-json\/wp\/v2\/comments?post=646"}],"version-history":[{"count":23,"href":"https:\/\/www.muehl.de\/wetzlar\/wp-json\/wp\/v2\/pages\/646\/revisions"}],"predecessor-version":[{"id":1603,"href":"https:\/\/www.muehl.de\/wetzlar\/wp-json\/wp\/v2\/pages\/646\/revisions\/1603"}],"wp:attachment":[{"href":"https:\/\/www.muehl.de\/wetzlar\/wp-json\/wp\/v2\/media?parent=646"}],"curies":[{"name":"wp","href":"https:\/\/api.w.org\/{rel}","templated":true}]}}